{"id":7021,"date":"2022-05-24T15:46:29","date_gmt":"2022-05-24T20:46:29","guid":{"rendered":"https:\/\/autism-behavior-strategies.flywheelstaging.com\/aviso-de-practicas-de-privacidad\/"},"modified":"2025-06-20T11:33:09","modified_gmt":"2025-06-20T16:33:09","slug":"aviso-de-practicas-de-privacidad","status":"publish","type":"page","link":"https:\/\/www.abskids.com\/es\/aviso-de-practicas-de-privacidad\/","title":{"rendered":"Aviso de pr\u00e1cticas de privacidad"},"content":{"rendered":"\n<p class=\"has-text-align-center\">ESTE AVISO DESCRIBE C\u00d3MO SE PUEDE USAR Y DIVULGAR SU INFORMACI\u00d3N M\u00c9DICA Y C\u00d3MO PUEDE ACCEDER A ESTA INFORMACI\u00d3N. REV\u00cdSELA CUIDADOSAMENTE.<br><\/p>\n\n\n\n<p class=\"has-text-align-left\">La ley nos exige mantener protegida la privacidad de su informaci\u00f3n m\u00e9dica, notificarle sobre nuestras obligaciones legales y pr\u00e1cticas de privacidad con respecto a su informaci\u00f3n m\u00e9dica y notificar a las personas afectadas despu\u00e9s de una violaci\u00f3n de la informaci\u00f3n m\u00e9dica no protegida. Este Aviso resume nuestras obligaciones y sus derechos con respecto a su informaci\u00f3n. Nuestras obligaciones y sus derechos se establecen con m\u00e1s detalle en el T\u00edtulo 45 del CFR, Parte 164. Estamos obligados a cumplir con los t\u00e9rminos de nuestro Aviso que est\u00e1 actualmente vigente. Este Aviso de pr\u00e1cticas de privacidad es proporcionado por Alternative Behavior Strategies, LLC; ABS Psychology Services California, PC; y ABS Utah, PC.<\/p>\n\n\n\n<ol class=\"wp-block-list\">\n<li><strong>Usos y divulgaciones que podemos hacer sin autorizaci\u00f3n por escrito.<\/strong> Podemos usar o divulgar su informaci\u00f3n m\u00e9dica para determinados fines sin su autorizaci\u00f3n por escrito, incluidos los siguientes: Tratamiento: Podemos usar o divulgar su informaci\u00f3n con el fin de brindarle tratamiento. Por ejemplo, podemos divulgar su informaci\u00f3n a otro proveedor de atenci\u00f3n m\u00e9dica para que pueda tratarlo; para proporcionar recordatorios de citas; o para proporcionar informaci\u00f3n sobre alternativas de tratamiento o servicios que ofrecemos. Pago: Podemos usar o divulgar su informaci\u00f3n para obtener el pago por los servicios que se le proporcionan. Por ejemplo, podemos divulgar informaci\u00f3n a su compa\u00f1\u00eda de seguro m\u00e9dico u otro proveedor para obtener una autorizaci\u00f3n previa o el pago del tratamiento. Operaciones de atenci\u00f3n m\u00e9dica: Podemos usar o divulgar su informaci\u00f3n para ciertas actividades que son necesarias para gestionar nuestra pr\u00e1ctica y garantizar que nuestros pacientes reciban atenci\u00f3n de calidad. Por ejemplo, podemos usar la informaci\u00f3n para realizar actividades de evaluaci\u00f3n y mejora de la calidad; proporcionar gesti\u00f3n de casos y coordinaci\u00f3n de la atenci\u00f3n; evaluar el desempe\u00f1o del proveedor, capacitar y educar a profesionales y no profesionales de la salud; realizar actividades de acreditaci\u00f3n, certificaci\u00f3n, licencia o credenciales; o tomar decisiones que afecten la pr\u00e1ctica. Otros usos o divulgaciones: Tambi\u00e9n podemos usar o divulgar su informaci\u00f3n para otros fines determinados permitidos por el T\u00edtulo 45 del CFR, Secci\u00f3n 164.512 u otras leyes y reglamentaciones aplicables, incluidas las siguientes:\n<ul class=\"wp-block-list\">\n<li>Intercambio de informaci\u00f3n m\u00e9dica<\/li>\n\n\n\n<li>Para evitar una amenaza grave a su salud o seguridad, o a la salud o seguridad de otras personas.<\/li>\n\n\n\n<li>Seg\u00fan lo exijan las leyes estatales o federales, como denunciar abuso, negligencia u otros eventos determinados.<\/li>\n\n\n\n<li>Seg\u00fan lo permitan las leyes de compensaci\u00f3n para los trabajadores para su uso en procedimientos de compensaci\u00f3n para los trabajadores.<\/li>\n\n\n\n<li>Para ciertas actividades de salud p\u00fablica, como informar ciertas enfermedades.<\/li>\n\n\n\n<li>Para ciertas actividades de supervisi\u00f3n de la salud p\u00fablica, como auditor\u00edas, investigaciones o acciones de licencia.<\/li>\n\n\n\n<li>En respuesta a una orden judicial, orden o citaci\u00f3n judicial en procedimientos judiciales o administrativos.<\/li>\n\n\n\n<li>Para ciertas funciones gubernamentales especializadas, como las instituciones militares o correccionales.<\/li>\n\n\n\n<li>Con fines de investigaci\u00f3n si se cumplen ciertas condiciones.<\/li>\n\n\n\n<li>En respuesta a ciertas solicitudes de las fuerzas del orden para localizar a un fugitivo, v\u00edctima o testigo,<br>o para informar sobre muertes y ciertos delitos.<\/li>\n<\/ul>\n<\/li>\n<\/ol>\n\n\n\n<ol start=\"2\" class=\"wp-block-list\">\n<li><strong>Divulgaciones que podemos hacer a menos que usted se oponga:<\/strong> A menos que nos indique lo contrario, podemos divulgar su informaci\u00f3n seg\u00fan se describe a continuaci\u00f3n:\n<ul class=\"wp-block-list\">\n<li>A un familiar, pariente, amigo u otra persona que est\u00e9 involucrada en su atenci\u00f3n m\u00e9dica o en el pago de su atenci\u00f3n m\u00e9dica. Limitaremos la divulgaci\u00f3n a la informaci\u00f3n relevante para la participaci\u00f3n de esa persona en su atenci\u00f3n m\u00e9dica o pago.<\/li>\n\n\n\n<li>Para mantener nuestro directorio de instalaciones. Si una persona pregunta por usted con su nombre, solo divulgaremos su nombre, condici\u00f3n general y ubicaci\u00f3n en nuestras instalaciones. Tambi\u00e9n podemos divulgar su religi\u00f3n a los integrantes del clero.<\/li>\n\n\n\n<li>La informaci\u00f3n puede divulgarse en una variedad de entornos de servicio donde otras personas pueden estar presentes (p. ej., el hogar, la escuela, la comunidad, los centros de ABA, los entornos de terapia grupal).<\/li>\n<\/ul>\n<\/li>\n<\/ol>\n\n\n\n<ol start=\"3\" class=\"wp-block-list\">\n<li><strong>Usos y divulgaciones con su autorizaci\u00f3n por escrito.  <\/strong>Otros usos y divulgaciones no descritos en este Aviso se realizar\u00e1n solo con su autorizaci\u00f3n por escrito, incluidos la mayor\u00eda de los usos o divulgaciones de notas de psicoterapia, para la mayor\u00eda de los fines de marketing, o si buscamos vender su informaci\u00f3n. Puede revocar su autorizaci\u00f3n enviando una notificaci\u00f3n por escrito al Contacto de privacidad identificado a continuaci\u00f3n. La revocaci\u00f3n no entrar\u00e1 en vigor en la medida en que ya hayamos tomado medidas en funci\u00f3n de la autorizaci\u00f3n.<\/li>\n<\/ol>\n\n\n\n<ol start=\"4\" class=\"wp-block-list\">\n<li><strong>Sus derechos con respecto a su informaci\u00f3n m\u00e9dica protegida.<\/strong> Usted tiene los siguientes derechos con respecto a su informaci\u00f3n m\u00e9dica. Para ejercer cualquiera de estos derechos, debe enviar una solicitud por escrito al Director de privacidad identificado a continuaci\u00f3n.\n<ul class=\"wp-block-list\">\n<li>Puede solicitar restricciones adicionales sobre el uso o la divulgaci\u00f3n de la informaci\u00f3n para el tratamiento, el pago o las operaciones de atenci\u00f3n m\u00e9dica. No estamos obligados a aceptar la restricci\u00f3n solicitada, excepto en la situaci\u00f3n limitada en la que usted o alguien en su nombre pague por un art\u00edculo o<br>servicio, y usted solicite que la informaci\u00f3n relacionada con dicho art\u00edculo o servicio no se divulgue a una aseguradora m\u00e9dica.<\/li>\n\n\n\n<li>Normalmente nos comunicamos con usted por tel\u00e9fono o por correo a su domicilio. Puede solicitar que nos comuniquemos con usted por medios o en lugares alternativos. Aceptaremos las solicitudes razonables.<\/li>\n\n\n\n<li>Puede inspeccionar y obtener una copia de los registros que se utilizan para tomar decisiones sobre su atenci\u00f3n o el pago de su atenci\u00f3n, incluida una copia electr\u00f3nica. Podemos cobrarle un cargo razonable basado en costos por proporcionar los registros. Podemos rechazar su solicitud en circunstancias limitadas, p. ej., si determinamos que la divulgaci\u00f3n puede resultar en un da\u00f1o para usted u otras personas.<\/li>\n\n\n\n<li>Puede solicitar que se modifique su informaci\u00f3n m\u00e9dica protegida. Podemos denegar su solicitud por ciertos motivos, p. ej., si no creamos el registro o si determinamos que el registro es preciso y completo.<\/li>\n\n\n\n<li>Es posible que reciba un informe de ciertas divulgaciones que hemos realizado sobre su informaci\u00f3n\u00a0protegida de<br>salud. Puede recibir el primer informe dentro de un per\u00edodo de 12 meses sin cargo. Podemos cobrar un cargo razonable basado en costos por todas las solicitudes posteriores durante ese per\u00edodo de 12 meses.<\/li>\n\n\n\n<li>Puede obtener una copia impresa de este Aviso si la solicita. Usted tiene este derecho incluso si ha aceptado recibir el Aviso electr\u00f3nicamente.<\/li>\n<\/ul>\n<\/li>\n<\/ol>\n\n\n\n<ol start=\"5\" class=\"wp-block-list\">\n<li><strong>Cambios en este aviso.<\/strong> Nos reservamos el derecho de cambiar los t\u00e9rminos de este Aviso en cualquier momento y de hacer que el nuevo Aviso entre en vigencia para toda la informaci\u00f3n m\u00e9dica protegida que mantenemos. Si cambiamos sustancialmente nuestras pr\u00e1cticas de privacidad, publicaremos una copia del Aviso actual en nuestra \u00e1rea de recepci\u00f3n y en nuestro sitio web. Puede obtener una copia del Aviso operativo de nuestra recepcionista o del Director de privacidad.<\/li>\n<\/ol>\n\n\n\n<ol start=\"6\" class=\"wp-block-list\">\n<li><strong>Quejas.<\/strong> Puede presentar una queja ante nosotros o ante la Secretar\u00eda de Salud y Servicios Humanos si cree que se han violado sus derechos de privacidad. Puede presentarnos una queja notificando a nuestro Director de privacidad. Todas las quejas deben realizarse por escrito. No tomaremos represalias contra usted por presentar una queja.<\/li>\n<\/ol>\n\n\n\n<ol start=\"7\" class=\"wp-block-list\">\n<li><strong>Informaci\u00f3n de contacto.<\/strong> Si tiene alguna pregunta sobre este Aviso, o si desea objetar o quejarse sobre cualquier uso o divulgaci\u00f3n o ejercer cualquier derecho como se explic\u00f3 anteriormente, comun\u00edquese con:<br><br>Director de privacidad: Stephen Myers<br>Tel\u00e9fono: 410-261-6320<br>Direcci\u00f3n: 16255 Ventura Blvd. Suite 900, Encino, CA 91436-2317<br>Correo electr\u00f3nico: <a href=\"mailto:Compliance@abskids.com\">Compliance@abskids.com<\/a>\u00a0<\/li>\n<\/ol>\n\n\n\n<ol start=\"8\" class=\"wp-block-list\">\n<li><strong>Aviso actualizado el 02\/03\/20<\/strong><\/li>\n<\/ol>\n\n\n\n<p>Reconozco que he revisado el Aviso de pr\u00e1cticas de privacidad y que se me dio la oportunidad de recibir una copia del Aviso.<\/p>\n","protected":false},"excerpt":{"rendered":"<p>ESTE AVISO DESCRIBE C\u00d3MO SE PUEDE USAR Y DIVULGAR SU INFORMACI\u00d3N M\u00c9DICA Y C\u00d3MO PUEDE ACCEDER A ESTA INFORMACI\u00d3N. REV\u00cdSELA&#8230;<\/p>\n","protected":false},"author":1,"featured_media":0,"parent":0,"menu_order":18,"comment_status":"closed","ping_status":"closed","template":"","meta":{"_acf_changed":false,"content-type":"","_kad_blocks_custom_css":"","_kad_blocks_head_custom_js":"","_kad_blocks_body_custom_js":"","_kad_blocks_footer_custom_js":"","footnotes":""},"class_list":["post-7021","page","type-page","status-publish","hentry"],"acf":[],"yoast_head":"<!-- This site is optimized with the Yoast SEO plugin v27.4 - https:\/\/yoast.com\/product\/yoast-seo-wordpress\/ -->\n<title>Aviso de pr\u00e1cticas de privacidad - ABS Kids<\/title>\n<meta name=\"robots\" content=\"index, follow, max-snippet:-1, max-image-preview:large, max-video-preview:-1\" \/>\n<link rel=\"canonical\" href=\"https:\/\/www.abskids.com\/es\/aviso-de-practicas-de-privacidad\/\" \/>\n<meta property=\"og:locale\" content=\"es_ES\" \/>\n<meta property=\"og:type\" content=\"article\" \/>\n<meta property=\"og:title\" content=\"Aviso de pr\u00e1cticas de privacidad - ABS Kids\" \/>\n<meta property=\"og:description\" content=\"ESTE AVISO DESCRIBE C\u00d3MO SE PUEDE USAR Y DIVULGAR SU INFORMACI\u00d3N M\u00c9DICA Y C\u00d3MO PUEDE ACCEDER A ESTA INFORMACI\u00d3N. REV\u00cdSELA...\" \/>\n<meta property=\"og:url\" content=\"https:\/\/www.abskids.com\/es\/aviso-de-practicas-de-privacidad\/\" \/>\n<meta property=\"og:site_name\" content=\"ABS Kids\" \/>\n<meta property=\"article:publisher\" content=\"https:\/\/www.facebook.com\/alternative.behavior.strategies\/\" \/>\n<meta property=\"article:modified_time\" content=\"2025-06-20T16:33:09+00:00\" \/>\n<meta property=\"og:image\" content=\"https:\/\/www.abskids.com\/wp-content\/uploads\/abs-og.jpg\" \/>\n\t<meta property=\"og:image:width\" content=\"1200\" \/>\n\t<meta property=\"og:image:height\" content=\"630\" \/>\n\t<meta property=\"og:image:type\" content=\"image\/jpeg\" \/>\n<meta name=\"twitter:card\" content=\"summary_large_image\" \/>\n<meta name=\"twitter:label1\" content=\"Tiempo de lectura\" \/>\n\t<meta name=\"twitter:data1\" content=\"6 minutos\" \/>\n<script type=\"application\/ld+json\" class=\"yoast-schema-graph\">{\"@context\":\"https:\\\/\\\/schema.org\",\"@graph\":[{\"@type\":\"WebPage\",\"@id\":\"https:\\\/\\\/www.abskids.com\\\/es\\\/aviso-de-practicas-de-privacidad\\\/\",\"url\":\"https:\\\/\\\/www.abskids.com\\\/es\\\/aviso-de-practicas-de-privacidad\\\/\",\"name\":\"Aviso de pr\u00e1cticas de privacidad - ABS Kids\",\"isPartOf\":{\"@id\":\"https:\\\/\\\/www.abskids.com\\\/es\\\/#website\"},\"datePublished\":\"2022-05-24T20:46:29+00:00\",\"dateModified\":\"2025-06-20T16:33:09+00:00\",\"breadcrumb\":{\"@id\":\"https:\\\/\\\/www.abskids.com\\\/es\\\/aviso-de-practicas-de-privacidad\\\/#breadcrumb\"},\"inLanguage\":\"es\",\"potentialAction\":[{\"@type\":\"ReadAction\",\"target\":[\"https:\\\/\\\/www.abskids.com\\\/es\\\/aviso-de-practicas-de-privacidad\\\/\"]}]},{\"@type\":\"BreadcrumbList\",\"@id\":\"https:\\\/\\\/www.abskids.com\\\/es\\\/aviso-de-practicas-de-privacidad\\\/#breadcrumb\",\"itemListElement\":[{\"@type\":\"ListItem\",\"position\":1,\"name\":\"Home\",\"item\":\"https:\\\/\\\/www.abskids.com\\\/es\\\/\"},{\"@type\":\"ListItem\",\"position\":2,\"name\":\"Aviso de pr\u00e1cticas de privacidad\"}]},{\"@type\":\"WebSite\",\"@id\":\"https:\\\/\\\/www.abskids.com\\\/es\\\/#website\",\"url\":\"https:\\\/\\\/www.abskids.com\\\/es\\\/\",\"name\":\"ABS Kids\",\"description\":\"Building Little Moments Into Big Breakthroughs\",\"publisher\":{\"@id\":\"https:\\\/\\\/www.abskids.com\\\/es\\\/#organization\"},\"potentialAction\":[{\"@type\":\"SearchAction\",\"target\":{\"@type\":\"EntryPoint\",\"urlTemplate\":\"https:\\\/\\\/www.abskids.com\\\/es\\\/?s={search_term_string}\"},\"query-input\":{\"@type\":\"PropertyValueSpecification\",\"valueRequired\":true,\"valueName\":\"search_term_string\"}}],\"inLanguage\":\"es\"},{\"@type\":\"Organization\",\"@id\":\"https:\\\/\\\/www.abskids.com\\\/es\\\/#organization\",\"name\":\"ABS Kids\",\"url\":\"https:\\\/\\\/www.abskids.com\\\/es\\\/\",\"logo\":{\"@type\":\"ImageObject\",\"inLanguage\":\"es\",\"@id\":\"https:\\\/\\\/www.abskids.com\\\/es\\\/#\\\/schema\\\/logo\\\/image\\\/\",\"url\":\"https:\\\/\\\/www.abskids.com\\\/wp-content\\\/uploads\\\/ABS-Kids_VF_Screen.svg\",\"contentUrl\":\"https:\\\/\\\/www.abskids.com\\\/wp-content\\\/uploads\\\/ABS-Kids_VF_Screen.svg\",\"width\":\"1024\",\"height\":\"1024\",\"caption\":\"ABS Kids\"},\"image\":{\"@id\":\"https:\\\/\\\/www.abskids.com\\\/es\\\/#\\\/schema\\\/logo\\\/image\\\/\"},\"sameAs\":[\"https:\\\/\\\/www.facebook.com\\\/alternative.behavior.strategies\\\/\",\"https:\\\/\\\/www.instagram.com\\\/absoffice\\\/\",\"https:\\\/\\\/www.linkedin.com\\\/company\\\/abskids\\\/\",\"https:\\\/\\\/www.youtube.com\\\/channel\\\/UCQNaEBVMHldv61rde9uJ2xA\"]}]}<\/script>\n<!-- \/ Yoast SEO plugin. -->","yoast_head_json":{"title":"Aviso de pr\u00e1cticas de privacidad - ABS Kids","robots":{"index":"index","follow":"follow","max-snippet":"max-snippet:-1","max-image-preview":"max-image-preview:large","max-video-preview":"max-video-preview:-1"},"canonical":"https:\/\/www.abskids.com\/es\/aviso-de-practicas-de-privacidad\/","og_locale":"es_ES","og_type":"article","og_title":"Aviso de pr\u00e1cticas de privacidad - ABS Kids","og_description":"ESTE AVISO DESCRIBE C\u00d3MO SE PUEDE USAR Y DIVULGAR SU INFORMACI\u00d3N M\u00c9DICA Y C\u00d3MO PUEDE ACCEDER A ESTA INFORMACI\u00d3N. REV\u00cdSELA...","og_url":"https:\/\/www.abskids.com\/es\/aviso-de-practicas-de-privacidad\/","og_site_name":"ABS Kids","article_publisher":"https:\/\/www.facebook.com\/alternative.behavior.strategies\/","article_modified_time":"2025-06-20T16:33:09+00:00","og_image":[{"width":1200,"height":630,"url":"https:\/\/www.abskids.com\/wp-content\/uploads\/abs-og.jpg","type":"image\/jpeg"}],"twitter_card":"summary_large_image","twitter_misc":{"Tiempo de lectura":"6 minutos"},"schema":{"@context":"https:\/\/schema.org","@graph":[{"@type":"WebPage","@id":"https:\/\/www.abskids.com\/es\/aviso-de-practicas-de-privacidad\/","url":"https:\/\/www.abskids.com\/es\/aviso-de-practicas-de-privacidad\/","name":"Aviso de pr\u00e1cticas de privacidad - ABS Kids","isPartOf":{"@id":"https:\/\/www.abskids.com\/es\/#website"},"datePublished":"2022-05-24T20:46:29+00:00","dateModified":"2025-06-20T16:33:09+00:00","breadcrumb":{"@id":"https:\/\/www.abskids.com\/es\/aviso-de-practicas-de-privacidad\/#breadcrumb"},"inLanguage":"es","potentialAction":[{"@type":"ReadAction","target":["https:\/\/www.abskids.com\/es\/aviso-de-practicas-de-privacidad\/"]}]},{"@type":"BreadcrumbList","@id":"https:\/\/www.abskids.com\/es\/aviso-de-practicas-de-privacidad\/#breadcrumb","itemListElement":[{"@type":"ListItem","position":1,"name":"Home","item":"https:\/\/www.abskids.com\/es\/"},{"@type":"ListItem","position":2,"name":"Aviso de pr\u00e1cticas de privacidad"}]},{"@type":"WebSite","@id":"https:\/\/www.abskids.com\/es\/#website","url":"https:\/\/www.abskids.com\/es\/","name":"ABS Kids","description":"Building Little Moments Into Big Breakthroughs","publisher":{"@id":"https:\/\/www.abskids.com\/es\/#organization"},"potentialAction":[{"@type":"SearchAction","target":{"@type":"EntryPoint","urlTemplate":"https:\/\/www.abskids.com\/es\/?s={search_term_string}"},"query-input":{"@type":"PropertyValueSpecification","valueRequired":true,"valueName":"search_term_string"}}],"inLanguage":"es"},{"@type":"Organization","@id":"https:\/\/www.abskids.com\/es\/#organization","name":"ABS Kids","url":"https:\/\/www.abskids.com\/es\/","logo":{"@type":"ImageObject","inLanguage":"es","@id":"https:\/\/www.abskids.com\/es\/#\/schema\/logo\/image\/","url":"https:\/\/www.abskids.com\/wp-content\/uploads\/ABS-Kids_VF_Screen.svg","contentUrl":"https:\/\/www.abskids.com\/wp-content\/uploads\/ABS-Kids_VF_Screen.svg","width":"1024","height":"1024","caption":"ABS Kids"},"image":{"@id":"https:\/\/www.abskids.com\/es\/#\/schema\/logo\/image\/"},"sameAs":["https:\/\/www.facebook.com\/alternative.behavior.strategies\/","https:\/\/www.instagram.com\/absoffice\/","https:\/\/www.linkedin.com\/company\/abskids\/","https:\/\/www.youtube.com\/channel\/UCQNaEBVMHldv61rde9uJ2xA"]}]}},"taxonomy_info":[],"featured_image_src_large":false,"author_info":{"display_name":"marcbacon","author_link":"https:\/\/www.abskids.com\/es\/blog\/author\/marcbacon\/"},"comment_info":"","_links":{"self":[{"href":"https:\/\/www.abskids.com\/es\/wp-json\/wp\/v2\/pages\/7021","targetHints":{"allow":["GET"]}}],"collection":[{"href":"https:\/\/www.abskids.com\/es\/wp-json\/wp\/v2\/pages"}],"about":[{"href":"https:\/\/www.abskids.com\/es\/wp-json\/wp\/v2\/types\/page"}],"author":[{"embeddable":true,"href":"https:\/\/www.abskids.com\/es\/wp-json\/wp\/v2\/users\/1"}],"replies":[{"embeddable":true,"href":"https:\/\/www.abskids.com\/es\/wp-json\/wp\/v2\/comments?post=7021"}],"version-history":[{"count":0,"href":"https:\/\/www.abskids.com\/es\/wp-json\/wp\/v2\/pages\/7021\/revisions"}],"wp:attachment":[{"href":"https:\/\/www.abskids.com\/es\/wp-json\/wp\/v2\/media?parent=7021"}],"curies":[{"name":"wp","href":"https:\/\/api.w.org\/{rel}","templated":true}]}}