{"id":5829,"date":"2022-03-10T17:27:48","date_gmt":"2022-03-10T23:27:48","guid":{"rendered":"https:\/\/www.abskids.com\/contacto\/"},"modified":"2022-04-12T11:43:51","modified_gmt":"2022-04-12T16:43:51","slug":"contacto","status":"publish","type":"page","link":"https:\/\/www.abskids.com\/es\/contacto\/","title":{"rendered":"Contacto"},"content":{"rendered":"<style>#kt-layout-id_34ee85-6e > .kt-row-column-wrap{align-content:start;}:where(#kt-layout-id_34ee85-6e > .kt-row-column-wrap) > .wp-block-kadence-column{justify-content:start;}#kt-layout-id_34ee85-6e > .kt-row-column-wrap{column-gap:var(--global-kb-gap-lg, 4rem);row-gap:var(--global-kb-gap-md, 2rem);max-width:1040px;margin-left:auto;margin-right:auto;padding-top:var( --global-kb-row-default-top, 25px );padding-bottom:var( --global-kb-row-default-bottom, 25px );padding-top:var(--global-kb-spacing-sm, 1.5rem);padding-bottom:var(--global-kb-spacing-sm, 1.5rem);grid-template-columns:minmax(0, calc(50% - ((var(--global-kb-gap-lg, 4rem) * 1 )\/2)))minmax(0, calc(50% - ((var(--global-kb-gap-lg, 4rem) * 1 )\/2)));}#kt-layout-id_34ee85-6e > .kt-row-layout-overlay{opacity:0.30;}@media all and (max-width: 1024px){#kt-layout-id_34ee85-6e > .kt-row-column-wrap{grid-template-columns:repeat(2, minmax(0, 1fr));}}@media all and (max-width: 767px){#kt-layout-id_34ee85-6e > .kt-row-column-wrap{grid-template-columns:minmax(0, 1fr);}}<\/style>\n<div class=\"wp-block-kadence-rowlayout alignwide\"><div id=\"kt-layout-id_34ee85-6e\" class=\"kt-row-layout-inner kt-layout-id_34ee85-6e\"><div class=\"kt-row-column-wrap kt-has-2-columns kt-gutter-wider kt-v-gutter-default kt-row-valign-top kt-row-layout-equal kt-tab-layout-inherit kt-m-colapse-left-to-right kt-mobile-layout-row  kt-custom-first-width-50  kt-custom-second-width-50\"><style>.kadence-column_cbd61c-47 > .kt-inside-inner-col{border-top-width:0px;border-right-width:0px;border-bottom-width:0px;border-left-width:0px;}.kadence-column_cbd61c-47 > .kt-inside-inner-col,.kadence-column_cbd61c-47 > .kt-inside-inner-col:before{border-top-left-radius:0px;border-top-right-radius:0px;border-bottom-right-radius:0px;border-bottom-left-radius:0px;}.kadence-column_cbd61c-47 > .kt-inside-inner-col{column-gap:var(--global-kb-gap-sm, 1rem);}.kadence-column_cbd61c-47 > .kt-inside-inner-col{flex-direction:column;}.kadence-column_cbd61c-47 > .kt-inside-inner-col > .aligncenter{width:100%;}.kadence-column_cbd61c-47 > .kt-inside-inner-col:before{opacity:0.3;}.kadence-column_cbd61c-47{position:relative;}@media all and (max-width: 1024px){.kadence-column_cbd61c-47 > .kt-inside-inner-col{flex-direction:column;justify-content:center;}}@media all and (max-width: 767px){.kadence-column_cbd61c-47 > .kt-inside-inner-col{flex-direction:column;justify-content:center;}}<\/style>\n<div class=\"wp-block-kadence-column inner-column-1 kadence-column_cbd61c-47\"><div class=\"kt-inside-inner-col\">\n<p>Despu\u00e9s de la postulaci\u00f3n, nuestro Departamento de admisiones se comunicar\u00e1 con usted en un plazo de dos d\u00edas h\u00e1biles. Si tiene alguna pregunta, no dude en comunicarse con nosotros hoy mismo por tel\u00e9fono:<\/p>\n\n\n\n<p><strong>Tel\u00e9fono:<\/strong> <a href=\"tel:18004348923\">(800) 434-8923<\/a><\/p>\n\n\n\n<p><strong>Correo electr\u00f3nico:<\/strong> <a href=\"mailto:info@abskids.com\">info@abskids.com<\/a><\/p>\n\n\n\n<p><strong>Tel\u00e9fono de facturaci\u00f3n:<\/strong> <a href=\"tel:18015617277\">(801) 561-7277<\/a><\/p>\n<\/div><\/div>\n\n\n<style>.kadence-column_76378b-f7 > .kt-inside-inner-col{border-top-width:0px;border-right-width:0px;border-bottom-width:0px;border-left-width:0px;}.kadence-column_76378b-f7 > .kt-inside-inner-col,.kadence-column_76378b-f7 > .kt-inside-inner-col:before{border-top-left-radius:0px;border-top-right-radius:0px;border-bottom-right-radius:0px;border-bottom-left-radius:0px;}.kadence-column_76378b-f7 > .kt-inside-inner-col{column-gap:var(--global-kb-gap-sm, 1rem);}.kadence-column_76378b-f7 > .kt-inside-inner-col{flex-direction:column;}.kadence-column_76378b-f7 > .kt-inside-inner-col > .aligncenter{width:100%;}.kadence-column_76378b-f7 > .kt-inside-inner-col:before{opacity:0.3;}.kadence-column_76378b-f7{position:relative;}@media all and (max-width: 1024px){.kadence-column_76378b-f7 > .kt-inside-inner-col{flex-direction:column;justify-content:center;}}@media all and (max-width: 767px){.kadence-column_76378b-f7 > .kt-inside-inner-col{flex-direction:column;justify-content:center;}}<\/style>\n<div class=\"wp-block-kadence-column inner-column-2 kadence-column_76378b-f7\"><div class=\"kt-inside-inner-col\">\n\n\t\t\t\t\t\t<script>\n\t\t\t\t\t\t\twindow.hsFormsOnReady = window.hsFormsOnReady || [];\n\t\t\t\t\t\t\twindow.hsFormsOnReady.push(()=>{\n\t\t\t\t\t\t\t\thbspt.forms.create({\n\t\t\t\t\t\t\t\t\tportalId: 8717295,\n\t\t\t\t\t\t\t\t\tformId: \"a5057c08-ca80-4e82-aa0a-8c003f677cbe\",\n\t\t\t\t\t\t\t\t\ttarget: \"#hbspt-form-1776223966000-7156312017\",\n\t\t\t\t\t\t\t\t\tregion: \"na1\",\n\t\t\t\t\t\t\t\t\t\n\t\t\t\t\t\t\t})});\n\t\t\t\t\t\t<\/script>\n\t\t\t\t\t\t<div class=\"hbspt-form\" id=\"hbspt-form-1776223966000-7156312017\"><\/div>\n<\/div><\/div>\n<\/div><\/div><\/div>\n","protected":false},"excerpt":{"rendered":"<p>Despu\u00e9s de la postulaci\u00f3n, nuestro Departamento de admisiones se comunicar\u00e1 con usted en un plazo de dos d\u00edas h\u00e1biles. Si&#8230;<\/p>\n","protected":false},"author":1,"featured_media":0,"parent":0,"menu_order":16,"comment_status":"closed","ping_status":"closed","template":"","meta":{"_acf_changed":false,"content-type":"","_kad_blocks_custom_css":"","_kad_blocks_head_custom_js":"","_kad_blocks_body_custom_js":"","_kad_blocks_footer_custom_js":"","footnotes":""},"class_list":["post-5829","page","type-page","status-publish","hentry"],"acf":[],"yoast_head":"<!-- This site is optimized with the Yoast SEO plugin v27.3 - https:\/\/yoast.com\/product\/yoast-seo-wordpress\/ -->\n<title>Contacto - ABS Kids<\/title>\n<meta name=\"description\" content=\"Comun\u00edquese con ABS Kids para obtener ayuda en relaci\u00f3n al autismo en ni\u00f1os o para obtener m\u00e1s informaci\u00f3n sobre las oportunidades profesionales.\" \/>\n<meta name=\"robots\" content=\"index, follow, max-snippet:-1, max-image-preview:large, max-video-preview:-1\" \/>\n<link rel=\"canonical\" href=\"https:\/\/www.abskids.com\/es\/contacto\/\" \/>\n<meta property=\"og:locale\" content=\"es_ES\" \/>\n<meta property=\"og:type\" content=\"article\" \/>\n<meta property=\"og:title\" content=\"Contacto - ABS Kids\" \/>\n<meta property=\"og:description\" content=\"Comun\u00edquese con ABS Kids para obtener ayuda en relaci\u00f3n al autismo en ni\u00f1os o para obtener m\u00e1s informaci\u00f3n sobre las oportunidades profesionales.\" \/>\n<meta property=\"og:url\" content=\"https:\/\/www.abskids.com\/es\/contacto\/\" \/>\n<meta property=\"og:site_name\" content=\"ABS Kids\" \/>\n<meta property=\"article:publisher\" content=\"https:\/\/www.facebook.com\/alternative.behavior.strategies\/\" \/>\n<meta property=\"article:modified_time\" content=\"2022-04-12T16:43:51+00:00\" \/>\n<meta property=\"og:image\" content=\"https:\/\/www.abskids.com\/wp-content\/uploads\/abs-og.jpg\" \/>\n\t<meta property=\"og:image:width\" content=\"1200\" \/>\n\t<meta property=\"og:image:height\" content=\"630\" \/>\n\t<meta property=\"og:image:type\" content=\"image\/jpeg\" \/>\n<meta name=\"twitter:card\" content=\"summary_large_image\" \/>\n<meta name=\"twitter:label1\" content=\"Tiempo de lectura\" \/>\n\t<meta name=\"twitter:data1\" content=\"1 minuto\" \/>\n<script type=\"application\/ld+json\" class=\"yoast-schema-graph\">{\"@context\":\"https:\\\/\\\/schema.org\",\"@graph\":[{\"@type\":\"WebPage\",\"@id\":\"https:\\\/\\\/www.abskids.com\\\/es\\\/contacto\\\/\",\"url\":\"https:\\\/\\\/www.abskids.com\\\/es\\\/contacto\\\/\",\"name\":\"Contacto - ABS Kids\",\"isPartOf\":{\"@id\":\"https:\\\/\\\/www.abskids.com\\\/es\\\/#website\"},\"datePublished\":\"2022-03-10T23:27:48+00:00\",\"dateModified\":\"2022-04-12T16:43:51+00:00\",\"description\":\"Comun\u00edquese con ABS Kids para obtener ayuda en relaci\u00f3n al autismo en ni\u00f1os o para obtener m\u00e1s informaci\u00f3n sobre las oportunidades profesionales.\",\"breadcrumb\":{\"@id\":\"https:\\\/\\\/www.abskids.com\\\/es\\\/contacto\\\/#breadcrumb\"},\"inLanguage\":\"es\",\"potentialAction\":[{\"@type\":\"ReadAction\",\"target\":[\"https:\\\/\\\/www.abskids.com\\\/es\\\/contacto\\\/\"]}]},{\"@type\":\"BreadcrumbList\",\"@id\":\"https:\\\/\\\/www.abskids.com\\\/es\\\/contacto\\\/#breadcrumb\",\"itemListElement\":[{\"@type\":\"ListItem\",\"position\":1,\"name\":\"Home\",\"item\":\"https:\\\/\\\/www.abskids.com\\\/es\\\/\"},{\"@type\":\"ListItem\",\"position\":2,\"name\":\"Contacto\"}]},{\"@type\":\"WebSite\",\"@id\":\"https:\\\/\\\/www.abskids.com\\\/es\\\/#website\",\"url\":\"https:\\\/\\\/www.abskids.com\\\/es\\\/\",\"name\":\"ABS Kids\",\"description\":\"Building Little Moments Into Big Breakthroughs\",\"publisher\":{\"@id\":\"https:\\\/\\\/www.abskids.com\\\/es\\\/#organization\"},\"potentialAction\":[{\"@type\":\"SearchAction\",\"target\":{\"@type\":\"EntryPoint\",\"urlTemplate\":\"https:\\\/\\\/www.abskids.com\\\/es\\\/?s={search_term_string}\"},\"query-input\":{\"@type\":\"PropertyValueSpecification\",\"valueRequired\":true,\"valueName\":\"search_term_string\"}}],\"inLanguage\":\"es\"},{\"@type\":\"Organization\",\"@id\":\"https:\\\/\\\/www.abskids.com\\\/es\\\/#organization\",\"name\":\"ABS Kids\",\"url\":\"https:\\\/\\\/www.abskids.com\\\/es\\\/\",\"logo\":{\"@type\":\"ImageObject\",\"inLanguage\":\"es\",\"@id\":\"https:\\\/\\\/www.abskids.com\\\/es\\\/#\\\/schema\\\/logo\\\/image\\\/\",\"url\":\"https:\\\/\\\/www.abskids.com\\\/wp-content\\\/uploads\\\/ABS-Kids_VF_Screen.svg\",\"contentUrl\":\"https:\\\/\\\/www.abskids.com\\\/wp-content\\\/uploads\\\/ABS-Kids_VF_Screen.svg\",\"width\":\"1024\",\"height\":\"1024\",\"caption\":\"ABS Kids\"},\"image\":{\"@id\":\"https:\\\/\\\/www.abskids.com\\\/es\\\/#\\\/schema\\\/logo\\\/image\\\/\"},\"sameAs\":[\"https:\\\/\\\/www.facebook.com\\\/alternative.behavior.strategies\\\/\",\"https:\\\/\\\/www.instagram.com\\\/absoffice\\\/\",\"https:\\\/\\\/www.linkedin.com\\\/company\\\/abskids\\\/\",\"https:\\\/\\\/www.youtube.com\\\/channel\\\/UCQNaEBVMHldv61rde9uJ2xA\"]}]}<\/script>\n<!-- \/ Yoast SEO plugin. -->","yoast_head_json":{"title":"Contacto - ABS Kids","description":"Comun\u00edquese con ABS Kids para obtener ayuda en relaci\u00f3n al autismo en ni\u00f1os o para obtener m\u00e1s informaci\u00f3n sobre las oportunidades profesionales.","robots":{"index":"index","follow":"follow","max-snippet":"max-snippet:-1","max-image-preview":"max-image-preview:large","max-video-preview":"max-video-preview:-1"},"canonical":"https:\/\/www.abskids.com\/es\/contacto\/","og_locale":"es_ES","og_type":"article","og_title":"Contacto - ABS Kids","og_description":"Comun\u00edquese con ABS Kids para obtener ayuda en relaci\u00f3n al autismo en ni\u00f1os o para obtener m\u00e1s informaci\u00f3n sobre las oportunidades profesionales.","og_url":"https:\/\/www.abskids.com\/es\/contacto\/","og_site_name":"ABS Kids","article_publisher":"https:\/\/www.facebook.com\/alternative.behavior.strategies\/","article_modified_time":"2022-04-12T16:43:51+00:00","og_image":[{"width":1200,"height":630,"url":"https:\/\/www.abskids.com\/wp-content\/uploads\/abs-og.jpg","type":"image\/jpeg"}],"twitter_card":"summary_large_image","twitter_misc":{"Tiempo de lectura":"1 minuto"},"schema":{"@context":"https:\/\/schema.org","@graph":[{"@type":"WebPage","@id":"https:\/\/www.abskids.com\/es\/contacto\/","url":"https:\/\/www.abskids.com\/es\/contacto\/","name":"Contacto - ABS Kids","isPartOf":{"@id":"https:\/\/www.abskids.com\/es\/#website"},"datePublished":"2022-03-10T23:27:48+00:00","dateModified":"2022-04-12T16:43:51+00:00","description":"Comun\u00edquese con ABS Kids para obtener ayuda en relaci\u00f3n al autismo en ni\u00f1os o para obtener m\u00e1s informaci\u00f3n sobre las oportunidades profesionales.","breadcrumb":{"@id":"https:\/\/www.abskids.com\/es\/contacto\/#breadcrumb"},"inLanguage":"es","potentialAction":[{"@type":"ReadAction","target":["https:\/\/www.abskids.com\/es\/contacto\/"]}]},{"@type":"BreadcrumbList","@id":"https:\/\/www.abskids.com\/es\/contacto\/#breadcrumb","itemListElement":[{"@type":"ListItem","position":1,"name":"Home","item":"https:\/\/www.abskids.com\/es\/"},{"@type":"ListItem","position":2,"name":"Contacto"}]},{"@type":"WebSite","@id":"https:\/\/www.abskids.com\/es\/#website","url":"https:\/\/www.abskids.com\/es\/","name":"ABS Kids","description":"Building Little Moments Into Big Breakthroughs","publisher":{"@id":"https:\/\/www.abskids.com\/es\/#organization"},"potentialAction":[{"@type":"SearchAction","target":{"@type":"EntryPoint","urlTemplate":"https:\/\/www.abskids.com\/es\/?s={search_term_string}"},"query-input":{"@type":"PropertyValueSpecification","valueRequired":true,"valueName":"search_term_string"}}],"inLanguage":"es"},{"@type":"Organization","@id":"https:\/\/www.abskids.com\/es\/#organization","name":"ABS Kids","url":"https:\/\/www.abskids.com\/es\/","logo":{"@type":"ImageObject","inLanguage":"es","@id":"https:\/\/www.abskids.com\/es\/#\/schema\/logo\/image\/","url":"https:\/\/www.abskids.com\/wp-content\/uploads\/ABS-Kids_VF_Screen.svg","contentUrl":"https:\/\/www.abskids.com\/wp-content\/uploads\/ABS-Kids_VF_Screen.svg","width":"1024","height":"1024","caption":"ABS Kids"},"image":{"@id":"https:\/\/www.abskids.com\/es\/#\/schema\/logo\/image\/"},"sameAs":["https:\/\/www.facebook.com\/alternative.behavior.strategies\/","https:\/\/www.instagram.com\/absoffice\/","https:\/\/www.linkedin.com\/company\/abskids\/","https:\/\/www.youtube.com\/channel\/UCQNaEBVMHldv61rde9uJ2xA"]}]}},"taxonomy_info":[],"featured_image_src_large":false,"author_info":{"display_name":"marcbacon","author_link":"https:\/\/www.abskids.com\/es\/blog\/author\/marcbacon\/"},"comment_info":"","_links":{"self":[{"href":"https:\/\/www.abskids.com\/es\/wp-json\/wp\/v2\/pages\/5829","targetHints":{"allow":["GET"]}}],"collection":[{"href":"https:\/\/www.abskids.com\/es\/wp-json\/wp\/v2\/pages"}],"about":[{"href":"https:\/\/www.abskids.com\/es\/wp-json\/wp\/v2\/types\/page"}],"author":[{"embeddable":true,"href":"https:\/\/www.abskids.com\/es\/wp-json\/wp\/v2\/users\/1"}],"replies":[{"embeddable":true,"href":"https:\/\/www.abskids.com\/es\/wp-json\/wp\/v2\/comments?post=5829"}],"version-history":[{"count":0,"href":"https:\/\/www.abskids.com\/es\/wp-json\/wp\/v2\/pages\/5829\/revisions"}],"wp:attachment":[{"href":"https:\/\/www.abskids.com\/es\/wp-json\/wp\/v2\/media?parent=5829"}],"curies":[{"name":"wp","href":"https:\/\/api.w.org\/{rel}","templated":true}]}}