{"id":5806,"date":"2022-03-10T17:23:51","date_gmt":"2022-03-10T23:23:51","guid":{"rendered":"https:\/\/www.abskids.com\/asistencia-para-el-pago-de-matriculas\/"},"modified":"2023-02-01T09:34:06","modified_gmt":"2023-02-01T15:34:06","slug":"asistencia-para-el-pago-de-matriculas","status":"publish","type":"page","link":"https:\/\/www.abskids.com\/es\/carreras\/asistencia-para-el-pago-de-matriculas\/","title":{"rendered":"Asistencia Para El Pago Los Estudios"},"content":{"rendered":"<div id=\"intro-block-block_6a4bd969aeca1785be478d8610413d02\" class=\"block-intro emphasize-2 alignwide\">\n\n    <div class=\"intro-section row\">\n\n            <div class=\"intro-section-inside medium-6 columns end\">\n            <div class=\"intro-section-content\">\n                <h2>Asistencia para el pago los estudios en ABS Kids<\/h2>\n<p>ABS Kids pagar\u00e1 su Maestr\u00eda en an\u00e1lisis aplicado de la conducta y lo ayudar\u00e1 a convertirse en un BCBA. Reciba una cobertura del pago de la matr\u00edcula del 100 % a trav\u00e9s de nuestra asociaci\u00f3n con la Universidad Nacional, mientras recibe su pago por trabajar a nivel pr\u00e1ctico. Tambi\u00e9n recibir\u00e1 horas de supervisi\u00f3n gratuitas y una gran cantidad de apoyo en las pruebas para ayudarle a obtener su certificaci\u00f3n.<\/p>\n<p><img decoding=\"async\" class=\"aligncenter wp-image-5616\" src=\"https:\/\/www.abskids.com\/wp-content\/uploads\/\/1200px-National_University_California_logo-300x300.png\" alt=\"\" width=\"200\" height=\"200\" srcset=\"https:\/\/www.abskids.com\/wp-content\/uploads\/1200px-National_University_California_logo-300x300.png 300w, https:\/\/www.abskids.com\/wp-content\/uploads\/1200px-National_University_California_logo-1024x1024.png 1024w, https:\/\/www.abskids.com\/wp-content\/uploads\/1200px-National_University_California_logo-150x150.png 150w, https:\/\/www.abskids.com\/wp-content\/uploads\/1200px-National_University_California_logo-768x768.png 768w, https:\/\/www.abskids.com\/wp-content\/uploads\/1200px-National_University_California_logo.png 1200w\" sizes=\"(max-width: 200px) 100vw, 200px\" \/><\/p>\n            <\/div>\n        <\/div>\n\n                                <div class=\"intro-section-img right medium-6 columns\">\n                <img decoding=\"async\" width=\"1600\" height=\"1400\" src=\"https:\/\/www.abskids.com\/wp-content\/uploads\/careers-inset-image-2.jpg\" class=\"attachment-full size-full\" alt=\"woman working on computer\" srcset=\"https:\/\/www.abskids.com\/wp-content\/uploads\/careers-inset-image-2.jpg 1600w, https:\/\/www.abskids.com\/wp-content\/uploads\/careers-inset-image-2-300x263.jpg 300w, https:\/\/www.abskids.com\/wp-content\/uploads\/careers-inset-image-2-1024x896.jpg 1024w, https:\/\/www.abskids.com\/wp-content\/uploads\/careers-inset-image-2-768x672.jpg 768w, https:\/\/www.abskids.com\/wp-content\/uploads\/careers-inset-image-2-1536x1344.jpg 1536w\" sizes=\"(max-width: 1600px) 100vw, 1600px\" \/>            <\/div>\n            \n        \n\n    <\/div>\n\n<\/div>\n\n<svg class=\"svg\" style=\"height:0;width: 0;position:absolute;\">\n  <clipPath id=\"intro-path\" clipPathUnits=\"objectBoundingBox\"><path d=\"M0.965,0 h-0.552 L0.299,0.036 C0.201,0.067,0.124,0.135,0.087,0.221 L0.022,0.378 c-0.063,0.152,0.015,0.322,0.182,0.39 l0.493,0.203 c0.097,0.04,0.208,0.039,0.304,-0.003 V0.032 c-0.012,-0.012,-0.023,-0.022,-0.036,-0.032\"><\/path><\/clipPath>\n<\/svg>\n\n<svg class=\"svg\" style=\"height:0;width: 0;position:absolute;\">\n  <clipPath id=\"intro-path-left\" clipPathUnits=\"objectBoundingBox\"><path d=\"M0,1 h0.122 c0.102,0,0.203,-0.009,0.303,-0.026 c0.069,-0.012,0.138,-0.024,0.161,-0.031 c0.034,-0.01,0.073,-0.022,0.099,-0.032 c0.056,-0.021,0.14,-0.078,0.183,-0.149 c0.044,-0.071,0.09,-0.194,0.111,-0.241 c0.02,-0.046,0.012,-0.183,-0.056,-0.26 c-0.068,-0.077,-0.142,-0.108,-0.249,-0.149 C0.566,0.071,0.238,0.008,0.181,0.011 C0.127,0.014,0.027,-0.001,0,0 C-0.027,0.001,0,0,0,0 v0.963\"><\/path><\/clipPath>\n<\/svg>\n\n\n\n\n\n\n\n\n\n<style media=\"screen\">\n    .intro-section-img.right img {clip-path: url(#intro-path);}\n\n    .intro-section-img.flipped-img img {clip-path: url(#intro-path-left);}\n<\/style>\n\n\n<style>#kt-layout-id_67b11c-04 > .kt-row-column-wrap{align-content:center;}:where(#kt-layout-id_67b11c-04 > .kt-row-column-wrap) > .wp-block-kadence-column{justify-content:center;}#kt-layout-id_67b11c-04 > .kt-row-column-wrap{column-gap:var(--global-kb-gap-lg, 4rem);row-gap:var(--global-kb-gap-md, 2rem);padding-top:var( --global-kb-row-default-top, 25px );padding-bottom:var( --global-kb-row-default-bottom, 25px );padding-top:var(--global-kb-spacing-sm, 1.5rem);padding-bottom:var(--global-kb-spacing-sm, 1.5rem);grid-template-columns:minmax(0, calc(50% - ((var(--global-kb-gap-lg, 4rem) * 1 )\/2)))minmax(0, calc(50% - ((var(--global-kb-gap-lg, 4rem) * 1 )\/2)));}#kt-layout-id_67b11c-04 > .kt-row-layout-overlay{opacity:0.30;}@media all and (max-width: 1024px){#kt-layout-id_67b11c-04 > .kt-row-column-wrap{grid-template-columns:minmax(0, 1fr) minmax(0, 2fr);}}@media all and (max-width: 767px){#kt-layout-id_67b11c-04 > .kt-row-column-wrap{grid-template-columns:minmax(0, 1fr);}}<\/style>\n<div class=\"wp-block-kadence-rowlayout alignwide emphasize-1\"><div id=\"kt-layout-id_67b11c-04\" class=\"kt-row-layout-inner kt-layout-id_67b11c-04\"><div class=\"kt-row-column-wrap kt-has-2-columns kt-gutter-wider kt-v-gutter-default kt-row-valign-middle kt-row-layout-right-golden kt-tab-layout-inherit kt-m-colapse-left-to-right kt-mobile-layout-row  kt-custom-first-width-50  kt-custom-second-width-50\"><style>.kadence-column_a591e9-27 > .kt-inside-inner-col{border-top-width:0px;border-right-width:0px;border-bottom-width:0px;border-left-width:0px;}.kadence-column_a591e9-27 > .kt-inside-inner-col,.kadence-column_a591e9-27 > .kt-inside-inner-col:before{border-top-left-radius:0px;border-top-right-radius:0px;border-bottom-right-radius:0px;border-bottom-left-radius:0px;}.kadence-column_a591e9-27 > .kt-inside-inner-col{column-gap:var(--global-kb-gap-sm, 1rem);}.kadence-column_a591e9-27 > .kt-inside-inner-col{flex-direction:column;}.kadence-column_a591e9-27 > .kt-inside-inner-col > .aligncenter{width:100%;}.kadence-column_a591e9-27 > .kt-inside-inner-col:before{opacity:0.3;}.kadence-column_a591e9-27{position:relative;}@media all and (max-width: 1024px){.kadence-column_a591e9-27 > .kt-inside-inner-col{flex-direction:column;justify-content:center;}}@media all and (max-width: 767px){.kadence-column_a591e9-27 > .kt-inside-inner-col{flex-direction:column;justify-content:center;}}<\/style>\n<div class=\"wp-block-kadence-column inner-column-1 kadence-column_a591e9-27\"><div class=\"kt-inside-inner-col\">\n<div id=\"image-cutout-block_6541394fe2a271d3522d98e6dff94db5\" class=\"block-image-cutout\">\n    \n    <div class=\"image-container plantilla-2\">\n\t    <img decoding=\"async\" loading=\"lazy\" src=\"https:\/\/www.abskids.com\/wp-content\/uploads\/tuition-assitance-header-alt-799x674.jpg\" alt=\"woman working on computer\">\n    <\/div>\n    \n<\/div>\n<\/div><\/div>\n\n\n<style>.kadence-column_f783a2-cd > .kt-inside-inner-col{border-top-width:0px;border-right-width:0px;border-bottom-width:0px;border-left-width:0px;}.kadence-column_f783a2-cd > .kt-inside-inner-col,.kadence-column_f783a2-cd > .kt-inside-inner-col:before{border-top-left-radius:0px;border-top-right-radius:0px;border-bottom-right-radius:0px;border-bottom-left-radius:0px;}.kadence-column_f783a2-cd > .kt-inside-inner-col{column-gap:var(--global-kb-gap-sm, 1rem);}.kadence-column_f783a2-cd > .kt-inside-inner-col{flex-direction:column;}.kadence-column_f783a2-cd > .kt-inside-inner-col > .aligncenter{width:100%;}.kadence-column_f783a2-cd > .kt-inside-inner-col:before{opacity:0.3;}.kadence-column_f783a2-cd{position:relative;}@media all and (max-width: 1024px){.kadence-column_f783a2-cd > .kt-inside-inner-col{flex-direction:column;justify-content:center;}}@media all and (max-width: 767px){.kadence-column_f783a2-cd > .kt-inside-inner-col{flex-direction:column;justify-content:center;}}<\/style>\n<div class=\"wp-block-kadence-column inner-column-2 kadence-column_f783a2-cd\"><div class=\"kt-inside-inner-col\">\n<h2 class=\"wp-block-heading\"><strong>Detalles<\/strong><\/h2>\n\n\n\n<ul class=\"wp-block-list\">\n<li>Obtenga una maestr\u00eda en an\u00e1lisis aplicado de la conducta<\/li>\n\n\n\n<li>Complete su curso en dos a\u00f1os o menos<\/li>\n\n\n\n<li>Obtenga experiencia pr\u00e1ctica en terapia ABA con ABS Kids mientras completa su t\u00edtulo<\/li>\n\n\n\n<li>La terapia ABA es un campo innovador y de r\u00e1pido crecimiento que marca una diferencia en la vida de los ni\u00f1os con trastorno del espectro autista y sus familias<\/li>\n\n\n\n<li>Disfrute de una carrera gratificante a nivel personal y profesional<\/li>\n<\/ul>\n<\/div><\/div>\n<\/div><\/div><\/div>\n\n\n<style>#kt-layout-id_421ec7-4e > .kt-row-column-wrap{align-content:center;}:where(#kt-layout-id_421ec7-4e > .kt-row-column-wrap) > .wp-block-kadence-column{justify-content:center;}#kt-layout-id_421ec7-4e > .kt-row-column-wrap{column-gap:var(--global-kb-gap-lg, 4rem);row-gap:var(--global-kb-gap-md, 2rem);padding-top:var( --global-kb-row-default-top, 25px );padding-bottom:var( --global-kb-row-default-bottom, 25px );padding-top:var(--global-kb-spacing-sm, 1.5rem);padding-bottom:var(--global-kb-spacing-sm, 1.5rem);grid-template-columns:minmax(0, calc(50% - ((var(--global-kb-gap-lg, 4rem) * 1 )\/2)))minmax(0, calc(50% - ((var(--global-kb-gap-lg, 4rem) * 1 )\/2)));}#kt-layout-id_421ec7-4e > .kt-row-layout-overlay{opacity:0.30;}@media all and (max-width: 1024px){#kt-layout-id_421ec7-4e > .kt-row-column-wrap{grid-template-columns:minmax(0, 1fr) minmax(0, 2fr);}}@media all and (max-width: 767px){#kt-layout-id_421ec7-4e > .kt-row-column-wrap{grid-template-columns:minmax(0, 1fr);}}<\/style>\n<div class=\"wp-block-kadence-rowlayout alignwide emphasize-4\"><div id=\"kt-layout-id_421ec7-4e\" class=\"kt-row-layout-inner kt-layout-id_421ec7-4e\"><div class=\"kt-row-column-wrap kt-has-2-columns kt-gutter-wider kt-v-gutter-default kt-row-valign-middle kt-row-layout-right-golden kt-tab-layout-inherit kt-m-colapse-left-to-right kt-mobile-layout-row  kt-custom-first-width-50  kt-custom-second-width-50\"><style>.kadence-column_251850-16 > .kt-inside-inner-col{border-top-width:0px;border-right-width:0px;border-bottom-width:0px;border-left-width:0px;}.kadence-column_251850-16 > .kt-inside-inner-col,.kadence-column_251850-16 > .kt-inside-inner-col:before{border-top-left-radius:0px;border-top-right-radius:0px;border-bottom-right-radius:0px;border-bottom-left-radius:0px;}.kadence-column_251850-16 > .kt-inside-inner-col{column-gap:var(--global-kb-gap-sm, 1rem);}.kadence-column_251850-16 > .kt-inside-inner-col{flex-direction:column;}.kadence-column_251850-16 > .kt-inside-inner-col > .aligncenter{width:100%;}.kadence-column_251850-16 > .kt-inside-inner-col:before{opacity:0.3;}.kadence-column_251850-16{position:relative;}@media all and (max-width: 1024px){.kadence-column_251850-16 > .kt-inside-inner-col{flex-direction:column;justify-content:center;}}@media all and (max-width: 767px){.kadence-column_251850-16 > .kt-inside-inner-col{flex-direction:column;justify-content:center;}}<\/style>\n<div class=\"wp-block-kadence-column inner-column-1 kadence-column_251850-16\"><div class=\"kt-inside-inner-col\">\n<h2 class=\"wp-block-heading\"><strong>Beneficios<\/strong><\/h2>\n\n\n\n<ul class=\"wp-block-list\">\n<li>Asociaci\u00f3n excepcional entre ABS Kids y National University<\/li>\n\n\n\n<li>Pagos directos a National University: sin esperar reembolsos<\/li>\n\n\n\n<li>Clases dirigidas por miembros del cuerpo docente de ABS Kids<\/li>\n\n\n\n<li>Cuenta con el apoyo de toda la cohorte de All-ABS Kids<\/li>\n\n\n\n<li>Horarios de supervisi\u00f3n gratuitos en ABS Kids<\/li>\n\n\n\n<li>Todas las clases en l\u00ednea<\/li>\n\n\n\n<li>Apoyo para la preparaci\u00f3n de pruebas de certificaci\u00f3n<\/li>\n\n\n\n<li>100 % de cobertura del pago de de los estudios<\/li>\n<\/ul>\n<\/div><\/div>\n\n\n<style>.kadence-column_d474a7-61 > .kt-inside-inner-col{border-top-width:0px;border-right-width:0px;border-bottom-width:0px;border-left-width:0px;}.kadence-column_d474a7-61 > .kt-inside-inner-col,.kadence-column_d474a7-61 > .kt-inside-inner-col:before{border-top-left-radius:0px;border-top-right-radius:0px;border-bottom-right-radius:0px;border-bottom-left-radius:0px;}.kadence-column_d474a7-61 > .kt-inside-inner-col{column-gap:var(--global-kb-gap-sm, 1rem);}.kadence-column_d474a7-61 > .kt-inside-inner-col{flex-direction:column;}.kadence-column_d474a7-61 > .kt-inside-inner-col > .aligncenter{width:100%;}.kadence-column_d474a7-61 > .kt-inside-inner-col:before{opacity:0.3;}.kadence-column_d474a7-61{position:relative;}@media all and (max-width: 1024px){.kadence-column_d474a7-61 > .kt-inside-inner-col{flex-direction:column;justify-content:center;}}@media all and (max-width: 767px){.kadence-column_d474a7-61 > .kt-inside-inner-col{flex-direction:column;justify-content:center;}}<\/style>\n<div class=\"wp-block-kadence-column inner-column-2 kadence-column_d474a7-61\"><div class=\"kt-inside-inner-col\">\n<div id=\"image-cutout-block_2cdac4aab3365fd774bf19a8dffb4bcc\" class=\"block-image-cutout\">\n    \n    <div class=\"image-container plantilla-2\">\n\t    <img decoding=\"async\" loading=\"lazy\" src=\"https:\/\/www.abskids.com\/wp-content\/uploads\/tuition-assitance-header-2-799x674.jpg\" alt=\"behavior technician working with child\">\n    <\/div>\n    \n<\/div>\n<\/div><\/div>\n<\/div><\/div><\/div>\n\n\n\n<div class=\"wp-block-group is-layout-flow wp-block-group-is-layout-flow\">\n<h2 class=\"has-text-align-center emphasize-2 wp-block-heading\">\u00a1Hable con un <strong>reclutador<\/strong> hoy mismo!<\/h2>\n\n\n\n<p class=\"has-text-align-center\">\u00a1Ll\u00e1menos ahora al 888-391-4987 o haga clic a continuaci\u00f3n para postularse!<\/p>\n\n\n\n<div class=\"wp-block-buttons is-horizontal is-content-justification-center is-layout-flex wp-container-core-buttons-is-layout-03627597 wp-block-buttons-is-layout-flex\">\n<div class=\"wp-block-button\"><a class=\"wp-block-button__link wp-element-button\" href=\"http:\/\/jobs.abskids.com\/\">Post\u00falese ahora<\/a><\/div>\n<\/div>\n<\/div>\n","protected":false},"excerpt":{"rendered":"<p>Detalles Beneficios \u00a1Hable con un reclutador hoy mismo! \u00a1Ll\u00e1menos ahora al 888-391-4987 o haga clic a continuaci\u00f3n para postularse!<\/p>\n","protected":false},"author":1,"featured_media":0,"parent":5823,"menu_order":3,"comment_status":"closed","ping_status":"closed","template":"page-templates\/careers.php","meta":{"_acf_changed":false,"content-type":"","_kad_blocks_custom_css":"","_kad_blocks_head_custom_js":"","_kad_blocks_body_custom_js":"","_kad_blocks_footer_custom_js":"","footnotes":""},"class_list":["post-5806","page","type-page","status-publish","hentry"],"acf":[],"yoast_head":"<!-- This site is optimized with the Yoast SEO plugin v27.4 - https:\/\/yoast.com\/product\/yoast-seo-wordpress\/ -->\n<title>Asistencia Para El Pago Los Estudios - ABS Kids<\/title>\n<meta name=\"description\" content=\"ABS Kids ofrece asistencia para la matr\u00edcula para que las personas motivadas lleguen a la cima de su campo en el an\u00e1lisis aplicado del comportamiento.\" \/>\n<meta name=\"robots\" content=\"index, follow, max-snippet:-1, max-image-preview:large, max-video-preview:-1\" \/>\n<link rel=\"canonical\" href=\"https:\/\/www.abskids.com\/es\/carreras\/asistencia-para-el-pago-de-matriculas\/\" \/>\n<meta property=\"og:locale\" content=\"es_ES\" \/>\n<meta property=\"og:type\" content=\"article\" \/>\n<meta property=\"og:title\" content=\"Asistencia Para El Pago Los Estudios - ABS Kids\" \/>\n<meta property=\"og:description\" content=\"ABS Kids ofrece asistencia para la matr\u00edcula para que las personas motivadas lleguen a la cima de su campo en el an\u00e1lisis aplicado del comportamiento.\" \/>\n<meta property=\"og:url\" content=\"https:\/\/www.abskids.com\/es\/carreras\/asistencia-para-el-pago-de-matriculas\/\" \/>\n<meta property=\"og:site_name\" content=\"ABS Kids\" \/>\n<meta property=\"article:publisher\" content=\"https:\/\/www.facebook.com\/alternative.behavior.strategies\/\" \/>\n<meta property=\"article:modified_time\" content=\"2023-02-01T15:34:06+00:00\" \/>\n<meta property=\"og:image\" content=\"https:\/\/www.abskids.com\/wp-content\/uploads\/abs-og.jpg\" \/>\n\t<meta property=\"og:image:width\" content=\"1200\" \/>\n\t<meta property=\"og:image:height\" content=\"630\" \/>\n\t<meta property=\"og:image:type\" content=\"image\/jpeg\" \/>\n<meta name=\"twitter:card\" content=\"summary_large_image\" \/>\n<meta name=\"twitter:label1\" content=\"Tiempo de lectura\" \/>\n\t<meta name=\"twitter:data1\" content=\"1 minuto\" \/>\n<script type=\"application\/ld+json\" class=\"yoast-schema-graph\">{\"@context\":\"https:\\\/\\\/schema.org\",\"@graph\":[{\"@type\":\"WebPage\",\"@id\":\"https:\\\/\\\/www.abskids.com\\\/es\\\/carreras\\\/asistencia-para-el-pago-de-matriculas\\\/\",\"url\":\"https:\\\/\\\/www.abskids.com\\\/es\\\/carreras\\\/asistencia-para-el-pago-de-matriculas\\\/\",\"name\":\"Asistencia Para El Pago Los Estudios - ABS Kids\",\"isPartOf\":{\"@id\":\"https:\\\/\\\/www.abskids.com\\\/es\\\/#website\"},\"datePublished\":\"2022-03-10T23:23:51+00:00\",\"dateModified\":\"2023-02-01T15:34:06+00:00\",\"description\":\"ABS Kids ofrece asistencia para la matr\u00edcula para que las personas motivadas lleguen a la cima de su campo en el an\u00e1lisis aplicado del comportamiento.\",\"breadcrumb\":{\"@id\":\"https:\\\/\\\/www.abskids.com\\\/es\\\/carreras\\\/asistencia-para-el-pago-de-matriculas\\\/#breadcrumb\"},\"inLanguage\":\"es\",\"potentialAction\":[{\"@type\":\"ReadAction\",\"target\":[\"https:\\\/\\\/www.abskids.com\\\/es\\\/carreras\\\/asistencia-para-el-pago-de-matriculas\\\/\"]}]},{\"@type\":\"BreadcrumbList\",\"@id\":\"https:\\\/\\\/www.abskids.com\\\/es\\\/carreras\\\/asistencia-para-el-pago-de-matriculas\\\/#breadcrumb\",\"itemListElement\":[{\"@type\":\"ListItem\",\"position\":1,\"name\":\"Home\",\"item\":\"https:\\\/\\\/www.abskids.com\\\/es\\\/\"},{\"@type\":\"ListItem\",\"position\":2,\"name\":\"Carreras\",\"item\":\"https:\\\/\\\/www.abskids.com\\\/es\\\/carreras\\\/\"},{\"@type\":\"ListItem\",\"position\":3,\"name\":\"Asistencia Para El Pago Los Estudios\"}]},{\"@type\":\"WebSite\",\"@id\":\"https:\\\/\\\/www.abskids.com\\\/es\\\/#website\",\"url\":\"https:\\\/\\\/www.abskids.com\\\/es\\\/\",\"name\":\"ABS Kids\",\"description\":\"Building Little Moments Into Big Breakthroughs\",\"publisher\":{\"@id\":\"https:\\\/\\\/www.abskids.com\\\/es\\\/#organization\"},\"potentialAction\":[{\"@type\":\"SearchAction\",\"target\":{\"@type\":\"EntryPoint\",\"urlTemplate\":\"https:\\\/\\\/www.abskids.com\\\/es\\\/?s={search_term_string}\"},\"query-input\":{\"@type\":\"PropertyValueSpecification\",\"valueRequired\":true,\"valueName\":\"search_term_string\"}}],\"inLanguage\":\"es\"},{\"@type\":\"Organization\",\"@id\":\"https:\\\/\\\/www.abskids.com\\\/es\\\/#organization\",\"name\":\"ABS Kids\",\"url\":\"https:\\\/\\\/www.abskids.com\\\/es\\\/\",\"logo\":{\"@type\":\"ImageObject\",\"inLanguage\":\"es\",\"@id\":\"https:\\\/\\\/www.abskids.com\\\/es\\\/#\\\/schema\\\/logo\\\/image\\\/\",\"url\":\"https:\\\/\\\/www.abskids.com\\\/wp-content\\\/uploads\\\/ABS-Kids_VF_Screen.svg\",\"contentUrl\":\"https:\\\/\\\/www.abskids.com\\\/wp-content\\\/uploads\\\/ABS-Kids_VF_Screen.svg\",\"width\":\"1024\",\"height\":\"1024\",\"caption\":\"ABS Kids\"},\"image\":{\"@id\":\"https:\\\/\\\/www.abskids.com\\\/es\\\/#\\\/schema\\\/logo\\\/image\\\/\"},\"sameAs\":[\"https:\\\/\\\/www.facebook.com\\\/alternative.behavior.strategies\\\/\",\"https:\\\/\\\/www.instagram.com\\\/absoffice\\\/\",\"https:\\\/\\\/www.linkedin.com\\\/company\\\/abskids\\\/\",\"https:\\\/\\\/www.youtube.com\\\/channel\\\/UCQNaEBVMHldv61rde9uJ2xA\"]}]}<\/script>\n<!-- \/ Yoast SEO plugin. -->","yoast_head_json":{"title":"Asistencia Para El Pago Los Estudios - ABS Kids","description":"ABS Kids ofrece asistencia para la matr\u00edcula para que las personas motivadas lleguen a la cima de su campo en el an\u00e1lisis aplicado del comportamiento.","robots":{"index":"index","follow":"follow","max-snippet":"max-snippet:-1","max-image-preview":"max-image-preview:large","max-video-preview":"max-video-preview:-1"},"canonical":"https:\/\/www.abskids.com\/es\/carreras\/asistencia-para-el-pago-de-matriculas\/","og_locale":"es_ES","og_type":"article","og_title":"Asistencia Para El Pago Los Estudios - ABS Kids","og_description":"ABS Kids ofrece asistencia para la matr\u00edcula para que las personas motivadas lleguen a la cima de su campo en el an\u00e1lisis aplicado del comportamiento.","og_url":"https:\/\/www.abskids.com\/es\/carreras\/asistencia-para-el-pago-de-matriculas\/","og_site_name":"ABS Kids","article_publisher":"https:\/\/www.facebook.com\/alternative.behavior.strategies\/","article_modified_time":"2023-02-01T15:34:06+00:00","og_image":[{"width":1200,"height":630,"url":"https:\/\/www.abskids.com\/wp-content\/uploads\/abs-og.jpg","type":"image\/jpeg"}],"twitter_card":"summary_large_image","twitter_misc":{"Tiempo de lectura":"1 minuto"},"schema":{"@context":"https:\/\/schema.org","@graph":[{"@type":"WebPage","@id":"https:\/\/www.abskids.com\/es\/carreras\/asistencia-para-el-pago-de-matriculas\/","url":"https:\/\/www.abskids.com\/es\/carreras\/asistencia-para-el-pago-de-matriculas\/","name":"Asistencia Para El Pago Los Estudios - ABS Kids","isPartOf":{"@id":"https:\/\/www.abskids.com\/es\/#website"},"datePublished":"2022-03-10T23:23:51+00:00","dateModified":"2023-02-01T15:34:06+00:00","description":"ABS Kids ofrece asistencia para la matr\u00edcula para que las personas motivadas lleguen a la cima de su campo en el an\u00e1lisis aplicado del comportamiento.","breadcrumb":{"@id":"https:\/\/www.abskids.com\/es\/carreras\/asistencia-para-el-pago-de-matriculas\/#breadcrumb"},"inLanguage":"es","potentialAction":[{"@type":"ReadAction","target":["https:\/\/www.abskids.com\/es\/carreras\/asistencia-para-el-pago-de-matriculas\/"]}]},{"@type":"BreadcrumbList","@id":"https:\/\/www.abskids.com\/es\/carreras\/asistencia-para-el-pago-de-matriculas\/#breadcrumb","itemListElement":[{"@type":"ListItem","position":1,"name":"Home","item":"https:\/\/www.abskids.com\/es\/"},{"@type":"ListItem","position":2,"name":"Carreras","item":"https:\/\/www.abskids.com\/es\/carreras\/"},{"@type":"ListItem","position":3,"name":"Asistencia Para El Pago Los Estudios"}]},{"@type":"WebSite","@id":"https:\/\/www.abskids.com\/es\/#website","url":"https:\/\/www.abskids.com\/es\/","name":"ABS Kids","description":"Building Little Moments Into Big Breakthroughs","publisher":{"@id":"https:\/\/www.abskids.com\/es\/#organization"},"potentialAction":[{"@type":"SearchAction","target":{"@type":"EntryPoint","urlTemplate":"https:\/\/www.abskids.com\/es\/?s={search_term_string}"},"query-input":{"@type":"PropertyValueSpecification","valueRequired":true,"valueName":"search_term_string"}}],"inLanguage":"es"},{"@type":"Organization","@id":"https:\/\/www.abskids.com\/es\/#organization","name":"ABS Kids","url":"https:\/\/www.abskids.com\/es\/","logo":{"@type":"ImageObject","inLanguage":"es","@id":"https:\/\/www.abskids.com\/es\/#\/schema\/logo\/image\/","url":"https:\/\/www.abskids.com\/wp-content\/uploads\/ABS-Kids_VF_Screen.svg","contentUrl":"https:\/\/www.abskids.com\/wp-content\/uploads\/ABS-Kids_VF_Screen.svg","width":"1024","height":"1024","caption":"ABS Kids"},"image":{"@id":"https:\/\/www.abskids.com\/es\/#\/schema\/logo\/image\/"},"sameAs":["https:\/\/www.facebook.com\/alternative.behavior.strategies\/","https:\/\/www.instagram.com\/absoffice\/","https:\/\/www.linkedin.com\/company\/abskids\/","https:\/\/www.youtube.com\/channel\/UCQNaEBVMHldv61rde9uJ2xA"]}]}},"taxonomy_info":[],"featured_image_src_large":false,"author_info":{"display_name":"marcbacon","author_link":"https:\/\/www.abskids.com\/es\/blog\/author\/marcbacon\/"},"comment_info":"","_links":{"self":[{"href":"https:\/\/www.abskids.com\/es\/wp-json\/wp\/v2\/pages\/5806","targetHints":{"allow":["GET"]}}],"collection":[{"href":"https:\/\/www.abskids.com\/es\/wp-json\/wp\/v2\/pages"}],"about":[{"href":"https:\/\/www.abskids.com\/es\/wp-json\/wp\/v2\/types\/page"}],"author":[{"embeddable":true,"href":"https:\/\/www.abskids.com\/es\/wp-json\/wp\/v2\/users\/1"}],"replies":[{"embeddable":true,"href":"https:\/\/www.abskids.com\/es\/wp-json\/wp\/v2\/comments?post=5806"}],"version-history":[{"count":0,"href":"https:\/\/www.abskids.com\/es\/wp-json\/wp\/v2\/pages\/5806\/revisions"}],"up":[{"embeddable":true,"href":"https:\/\/www.abskids.com\/es\/wp-json\/wp\/v2\/pages\/5823"}],"wp:attachment":[{"href":"https:\/\/www.abskids.com\/es\/wp-json\/wp\/v2\/media?parent=5806"}],"curies":[{"name":"wp","href":"https:\/\/api.w.org\/{rel}","templated":true}]}}