{"id":5776,"date":"2022-03-10T17:22:28","date_gmt":"2022-03-10T23:22:28","guid":{"rendered":"https:\/\/www.abskids.com\/no-discriminacion\/"},"modified":"2022-06-07T13:18:14","modified_gmt":"2022-06-07T18:18:14","slug":"no-discriminacion","status":"publish","type":"page","link":"https:\/\/www.abskids.com\/es\/no-discriminacion\/","title":{"rendered":"No discriminaci\u00f3n"},"content":{"rendered":"\n<h2 class=\"wp-block-heading\">Aviso para informar a las personas sobre los requisitos de no discriminaci\u00f3n y accesibilidad<\/h2>\n\n\n\n<p><strong>Estrategias de Comportamiento Alternativo (ABS)<\/strong> cumple con las leyes federales de derechos civiles aplicables y no discriminan por motivos de raza, color, nacionalidad, edad, discapacidad o sexo. Nuestra pr\u00e1ctica no excluye a las personas ni las trata de manera diferente por motivos de raza, color, nacionalidad, edad, discapacidad o sexo.<\/p>\n\n\n\n<p>Alternative Behavior Strategies, Inc., proporciona (1) sin costo alguno, ayudas y servicios a personas con discapacidades para poder comunicarse de manera efectiva con nosotros, como: int\u00e9rpretes de lenguaje de se\u00f1as calificados, informaci\u00f3n escrita en otros formatos (letra grande, audio, formatos electr\u00f3nicos accesibles, otros formatos), excepto cuando dicha causa ocasione una carga indebida o una alteraci\u00f3n fundamental de los servicios, y, (2) cuando sea razonable, servicios de idiomas sin costo para personas cuyo idioma principal no sea el ingl\u00e9s, como: int\u00e9rpretes calificados e informaci\u00f3n escrita en otros idiomas. Si necesita estos servicios, comun\u00edquese con nuestra recepci\u00f3n o con cualquier miembro del personal.<\/p>\n\n\n\n<p>Si cree que nuestro consultorio no ha proporcionado estos servicios o ha mantenido pr\u00e1cticas discriminatorias por motivos de raza, color, nacionalidad, edad, discapacidad o sexo, puede presentar una queja ante: El Coordinador de derechos civiles: Kirk Barton, 16255 Ventura Blvd. Suite 900, Encino, CA 91436-2317, 801-82301899, <a href=\"mailto:kbarton@abskids.com\">kbarton@abskids.com<\/a>. Puede presentar una queja en persona o por correo postal, fax o correo electr\u00f3nico. Si necesita ayuda para presentar una queja, nuestro Coordinador de derechos civiles est\u00e1 disponible para ayudarlo.<\/p>\n\n\n\n<p>Tambi\u00e9n puede presentar una queja sobre derechos civiles ante la Oficina de Derechos Civiles del Departamento de Salud y Servicios Humanos de los EE. UU., en forma electr\u00f3nica a trav\u00e9s del Portal de quejas de la Oficina de Derechos Civiles, disponible en <a href=\"https:\/\/ocrportal.hhs.gov\/ocr\/portal\/lobby.jsf\" target=\"_blank\" rel=\"noreferrer noopener\">https:\/\/ocrportal.hhs.gov\/ocr\/portal\/lobby.jsf<\/a>, o por correo postal o tel\u00e9fono a: U.S. Department of Health and Human Services 200 Independence Avenue, SW, Room 509F, HHH Building, Washington, D.C. 20201. Los formularios de quejas 1-800-368-1019, 800-537-7697 (TDD) est\u00e1n disponibles en <a href=\"http:\/\/www.hhs.gov\/civil-rights\/filing-a-complaint\/index.html\" target=\"_blank\" rel=\"noreferrer noopener\">http:\/\/www.hhs.gov\/civil-rights\/filing-a-complaint\/index.html<\/a><\/p>\n\n\n\n<h3 class=\"wp-block-heading\">Competencia de los servicios de asistencia ling\u00fc\u00edstica<\/h3>\n\n\n\n<p>ATENCI\u00d3N: Si habla alguno de los idiomas que se indican a continuaci\u00f3n, cuenta con servicios de asistencia al idioma a su disposici\u00f3n, sin cargo.<\/p>\n\n\n\n<p>ATENCI\u00d3N: si habla espa\u00f1ol, tiene a su disposici\u00f3n servicios gratuitos de asistencia ling\u00fc\u00edstica. Llame al<\/p>\n\n\n\n<p>\u6ce8\u610f\uff1a\u5982\u679c\u60a8\u4f7f\u7528\u7e41\u9ad4\u4e2d\u6587\uff0c\u60a8\u53ef\u4ee5\u514d\u8cbb\u7372\u5f97\u8a9e\u8a00\u63f4\u52a9\u670d\u52d9\u3002\u8acb\u81f4\u96fb.<\/p>\n\n\n\n<p>CH\u00da \u00dd: N\u1ebfu b\u1ea1n n\u00f3i Ti\u1ebfng Vi\u1ec7t, c\u00f3 c\u00e1c d\u1ecbch v\u1ee5 h\u1ed7 tr\u1ee3 ng\u00f4n ng\u1eef mi\u1ec5n ph\u00ed d\u00e0nh cho b\u1ea1n. G\u1ecdi s\u1ed1.<\/p>\n\n\n\n<p>\uc8fc\uc758: \ud55c\uad6d\uc5b4\ub97c \uc0ac\uc6a9\ud558\uc2dc\ub294 \uacbd\uc6b0, \uc5b8\uc5b4 \uc9c0\uc6d0 \uc11c\ube44\uc2a4\ub97c \ubb34\ub8cc\ub85c \uc774\uc6a9\ud558\uc2e4 \uc218 \uc788\uc2b5\ub2c8\ub2e4.<br>\n\ubc88\uc73c\ub85c \uc804\ud654\ud574 \uc8fc\uc2ed\uc2dc\uc624.<\/p>\n\n\n\n<p>PAUNAWA: Kung nagsasalita ka ng Tagalog, maaari kang gumamit ng mga serbisyo ng tulong sa wika nang walang bayad.<br>\nTumawag sa<\/p>\n\n\n\n<p class=\"has-text-align-center\">\u0645\u0644\u062d\u0648\u0638\u0629 :\u0625\u0630\u0627 \u0643\u0646\u062a \u062a\u062a\u062d\u062f\u062b \u0627\u0630\u0643\u0631 \u0627\u0644\u0644\u063a\u0629\u060c \u0641\u0625\u0646 \u062e\u062f\u0645\u0627\u062a \u0627\u0644\u0645\u0633\u0627\u0639\u062f\u0629 \u0627\u0644\u0644\u063a\u0648\u06cc\u0629 \u062a\u062a\u0648\u0627\u0641\u0631 \u0644\u0643 \u0628\u0627\u0644\u0645\u062c\u0627\u0646 .\u0627\u062a\u0635\u0644 \u0628\u0631\u0642\u0645 \u0631\u0642\u0645: .\u0648\u0627\u0644\u0628\u0643\u0645 \u0627\u0644\u0635\u0645 \u06be<\/p>\n\n\n\n<p>ATANSYON: Si w pale Krey\u00f2l Ayisyen, gen s\u00e8vis \u00e8d pou lang ki disponib gratis pou ou. Rele.<\/p>\n\n\n\n<p>\u0412\u041d\u0418\u041c\u0410\u041d\u0418\u0415: \u0415\u0441\u043b\u0438 \u0432\u044b \u0433\u043e\u0432\u043e\u0440\u0438\u0442\u0435 \u043d\u0430 \u0440\u0443\u0441\u0441\u043a\u043e\u043c \u044f\u0437\u044b\u043a\u0435, \u0442\u043e \u0432\u0430\u043c \u0434\u043e\u0441\u0442\u0443\u043f\u043d\u044b \u0431\u0435\u0441\u043f\u043b\u0430\u0442\u043d\u044b\u0435 \u0443\u0441\u043b\u0443\u0433\u0438 \u043f\u0435\u0440\u0435\u0432\u043e\u0434\u0430. \u0417\u0432\u043e\u043d\u0438\u0442\u0435.<\/p>\n\n\n\n<p>ATTENTION : Si vous parlez fran\u00e7ais, des services d&#8217;aide linguistique vous sont propos\u00e9s gratuitement. Appelez le.<\/p>\n\n\n\n<p>UWAGA: Je\u017celi m\u00f3wisz po polsku, mo\u017cesz skorzysta\u0107 z bezp\u0142atnej pomocy j\u0119zykowej. Zadzwo\u0144 pod Numer.<\/p>\n\n\n\n<p>ATEN\u00c7\u00c3O: Se fala portugu\u00eas, encontram-se dispon\u00edveis servi\u00e7os lingu\u00edsticos, gr\u00e1tis. Ligue para.<\/p>\n\n\n\n<p>ATTENZIONE: In caso la lingua parlata sia l&#8217;italiano, sono disponibili servizi di assistenza linguistica gratuiti. Chiamare il numero.<\/p>\n\n\n\n<p>\u6ce8\u610f\u4e8b\u9805\uff1a\u65e5\u672c\u8a9e\u3092\u8a71\u3055\u308c\u308b\u5834\u5408\u3001\u7121\u6599\u306e\u8a00\u8a9e\u652f\u63f4\u3092\u3054\u5229\u7528\u3044\u305f\u3060\u3051\u307e\u3059\u3002<\/p>\n\n\n\n<p class=\"has-text-align-center\">\u062a\u0648\u062c\u06be :\u0627\u06af\u0631 \u0628\u06be \u0632\u0628\u0627\u0646 \u0641\u0627\u0631\u0633\u06cc \u06af\u0641\u062a\u06af\u0648 \u0645\u06cc \u06a9\u0646\u06cc\u062f\u060c \u062a\u0633\u06be\u06cc\u0627\u0644\u062a \u0632\u0628\u0627\u0646\u06cc \u0628\u0635\u0648\u0631\u062a \u0631\u0627\u06cc\u06af\u0627\u0646 \u0628\u0631\u0627\u06cc \u0634\u0645\u0627 .\u0628\u06af\u06cc\u0631\u06cc\u062f \u062a\u0645<\/p>\n\n\n\n<p>ACHTUNG: Wenn Sie Deutsch sprechen, stehen Ihnen kostenlos sprachliche<\/p>\n","protected":false},"excerpt":{"rendered":"<p>Aviso para informar a las personas sobre los requisitos de no discriminaci\u00f3n y accesibilidad Estrategias de Comportamiento Alternativo (ABS) cumple&#8230;<\/p>\n","protected":false},"author":1,"featured_media":0,"parent":0,"menu_order":17,"comment_status":"closed","ping_status":"closed","template":"","meta":{"_acf_changed":false,"content-type":"","_kad_blocks_custom_css":"","_kad_blocks_head_custom_js":"","_kad_blocks_body_custom_js":"","_kad_blocks_footer_custom_js":"","footnotes":""},"class_list":["post-5776","page","type-page","status-publish","hentry"],"acf":[],"yoast_head":"<!-- This site is optimized with the Yoast SEO plugin v27.4 - https:\/\/yoast.com\/product\/yoast-seo-wordpress\/ -->\n<title>No discriminaci\u00f3n - ABS Kids<\/title>\n<meta name=\"robots\" content=\"index, follow, max-snippet:-1, max-image-preview:large, max-video-preview:-1\" \/>\n<link rel=\"canonical\" href=\"https:\/\/www.abskids.com\/es\/no-discriminacion\/\" \/>\n<meta property=\"og:locale\" content=\"es_ES\" \/>\n<meta property=\"og:type\" content=\"article\" \/>\n<meta property=\"og:title\" content=\"No discriminaci\u00f3n - ABS Kids\" \/>\n<meta property=\"og:description\" content=\"Aviso para informar a las personas sobre los requisitos de no discriminaci\u00f3n y accesibilidad Estrategias de Comportamiento Alternativo (ABS) cumple...\" \/>\n<meta property=\"og:url\" content=\"https:\/\/www.abskids.com\/es\/no-discriminacion\/\" \/>\n<meta property=\"og:site_name\" content=\"ABS Kids\" \/>\n<meta property=\"article:publisher\" content=\"https:\/\/www.facebook.com\/alternative.behavior.strategies\/\" \/>\n<meta property=\"article:modified_time\" content=\"2022-06-07T18:18:14+00:00\" \/>\n<meta property=\"og:image\" content=\"https:\/\/www.abskids.com\/wp-content\/uploads\/abs-og.jpg\" \/>\n\t<meta property=\"og:image:width\" content=\"1200\" \/>\n\t<meta property=\"og:image:height\" content=\"630\" \/>\n\t<meta property=\"og:image:type\" content=\"image\/jpeg\" \/>\n<meta name=\"twitter:card\" content=\"summary_large_image\" \/>\n<meta name=\"twitter:label1\" content=\"Tiempo de lectura\" \/>\n\t<meta name=\"twitter:data1\" content=\"3 minutos\" \/>\n<script type=\"application\/ld+json\" class=\"yoast-schema-graph\">{\"@context\":\"https:\\\/\\\/schema.org\",\"@graph\":[{\"@type\":\"WebPage\",\"@id\":\"https:\\\/\\\/www.abskids.com\\\/es\\\/no-discriminacion\\\/\",\"url\":\"https:\\\/\\\/www.abskids.com\\\/es\\\/no-discriminacion\\\/\",\"name\":\"No discriminaci\u00f3n - ABS Kids\",\"isPartOf\":{\"@id\":\"https:\\\/\\\/www.abskids.com\\\/es\\\/#website\"},\"datePublished\":\"2022-03-10T23:22:28+00:00\",\"dateModified\":\"2022-06-07T18:18:14+00:00\",\"breadcrumb\":{\"@id\":\"https:\\\/\\\/www.abskids.com\\\/es\\\/no-discriminacion\\\/#breadcrumb\"},\"inLanguage\":\"es\",\"potentialAction\":[{\"@type\":\"ReadAction\",\"target\":[\"https:\\\/\\\/www.abskids.com\\\/es\\\/no-discriminacion\\\/\"]}]},{\"@type\":\"BreadcrumbList\",\"@id\":\"https:\\\/\\\/www.abskids.com\\\/es\\\/no-discriminacion\\\/#breadcrumb\",\"itemListElement\":[{\"@type\":\"ListItem\",\"position\":1,\"name\":\"Home\",\"item\":\"https:\\\/\\\/www.abskids.com\\\/es\\\/\"},{\"@type\":\"ListItem\",\"position\":2,\"name\":\"No discriminaci\u00f3n\"}]},{\"@type\":\"WebSite\",\"@id\":\"https:\\\/\\\/www.abskids.com\\\/es\\\/#website\",\"url\":\"https:\\\/\\\/www.abskids.com\\\/es\\\/\",\"name\":\"ABS Kids\",\"description\":\"Building Little Moments Into Big Breakthroughs\",\"publisher\":{\"@id\":\"https:\\\/\\\/www.abskids.com\\\/es\\\/#organization\"},\"potentialAction\":[{\"@type\":\"SearchAction\",\"target\":{\"@type\":\"EntryPoint\",\"urlTemplate\":\"https:\\\/\\\/www.abskids.com\\\/es\\\/?s={search_term_string}\"},\"query-input\":{\"@type\":\"PropertyValueSpecification\",\"valueRequired\":true,\"valueName\":\"search_term_string\"}}],\"inLanguage\":\"es\"},{\"@type\":\"Organization\",\"@id\":\"https:\\\/\\\/www.abskids.com\\\/es\\\/#organization\",\"name\":\"ABS Kids\",\"url\":\"https:\\\/\\\/www.abskids.com\\\/es\\\/\",\"logo\":{\"@type\":\"ImageObject\",\"inLanguage\":\"es\",\"@id\":\"https:\\\/\\\/www.abskids.com\\\/es\\\/#\\\/schema\\\/logo\\\/image\\\/\",\"url\":\"https:\\\/\\\/www.abskids.com\\\/wp-content\\\/uploads\\\/ABS-Kids_VF_Screen.svg\",\"contentUrl\":\"https:\\\/\\\/www.abskids.com\\\/wp-content\\\/uploads\\\/ABS-Kids_VF_Screen.svg\",\"width\":\"1024\",\"height\":\"1024\",\"caption\":\"ABS Kids\"},\"image\":{\"@id\":\"https:\\\/\\\/www.abskids.com\\\/es\\\/#\\\/schema\\\/logo\\\/image\\\/\"},\"sameAs\":[\"https:\\\/\\\/www.facebook.com\\\/alternative.behavior.strategies\\\/\",\"https:\\\/\\\/www.instagram.com\\\/absoffice\\\/\",\"https:\\\/\\\/www.linkedin.com\\\/company\\\/abskids\\\/\",\"https:\\\/\\\/www.youtube.com\\\/channel\\\/UCQNaEBVMHldv61rde9uJ2xA\"]}]}<\/script>\n<!-- \/ Yoast SEO plugin. -->","yoast_head_json":{"title":"No discriminaci\u00f3n - ABS Kids","robots":{"index":"index","follow":"follow","max-snippet":"max-snippet:-1","max-image-preview":"max-image-preview:large","max-video-preview":"max-video-preview:-1"},"canonical":"https:\/\/www.abskids.com\/es\/no-discriminacion\/","og_locale":"es_ES","og_type":"article","og_title":"No discriminaci\u00f3n - ABS Kids","og_description":"Aviso para informar a las personas sobre los requisitos de no discriminaci\u00f3n y accesibilidad Estrategias de Comportamiento Alternativo (ABS) cumple...","og_url":"https:\/\/www.abskids.com\/es\/no-discriminacion\/","og_site_name":"ABS Kids","article_publisher":"https:\/\/www.facebook.com\/alternative.behavior.strategies\/","article_modified_time":"2022-06-07T18:18:14+00:00","og_image":[{"width":1200,"height":630,"url":"https:\/\/www.abskids.com\/wp-content\/uploads\/abs-og.jpg","type":"image\/jpeg"}],"twitter_card":"summary_large_image","twitter_misc":{"Tiempo de lectura":"3 minutos"},"schema":{"@context":"https:\/\/schema.org","@graph":[{"@type":"WebPage","@id":"https:\/\/www.abskids.com\/es\/no-discriminacion\/","url":"https:\/\/www.abskids.com\/es\/no-discriminacion\/","name":"No discriminaci\u00f3n - ABS Kids","isPartOf":{"@id":"https:\/\/www.abskids.com\/es\/#website"},"datePublished":"2022-03-10T23:22:28+00:00","dateModified":"2022-06-07T18:18:14+00:00","breadcrumb":{"@id":"https:\/\/www.abskids.com\/es\/no-discriminacion\/#breadcrumb"},"inLanguage":"es","potentialAction":[{"@type":"ReadAction","target":["https:\/\/www.abskids.com\/es\/no-discriminacion\/"]}]},{"@type":"BreadcrumbList","@id":"https:\/\/www.abskids.com\/es\/no-discriminacion\/#breadcrumb","itemListElement":[{"@type":"ListItem","position":1,"name":"Home","item":"https:\/\/www.abskids.com\/es\/"},{"@type":"ListItem","position":2,"name":"No discriminaci\u00f3n"}]},{"@type":"WebSite","@id":"https:\/\/www.abskids.com\/es\/#website","url":"https:\/\/www.abskids.com\/es\/","name":"ABS Kids","description":"Building Little Moments Into Big Breakthroughs","publisher":{"@id":"https:\/\/www.abskids.com\/es\/#organization"},"potentialAction":[{"@type":"SearchAction","target":{"@type":"EntryPoint","urlTemplate":"https:\/\/www.abskids.com\/es\/?s={search_term_string}"},"query-input":{"@type":"PropertyValueSpecification","valueRequired":true,"valueName":"search_term_string"}}],"inLanguage":"es"},{"@type":"Organization","@id":"https:\/\/www.abskids.com\/es\/#organization","name":"ABS Kids","url":"https:\/\/www.abskids.com\/es\/","logo":{"@type":"ImageObject","inLanguage":"es","@id":"https:\/\/www.abskids.com\/es\/#\/schema\/logo\/image\/","url":"https:\/\/www.abskids.com\/wp-content\/uploads\/ABS-Kids_VF_Screen.svg","contentUrl":"https:\/\/www.abskids.com\/wp-content\/uploads\/ABS-Kids_VF_Screen.svg","width":"1024","height":"1024","caption":"ABS Kids"},"image":{"@id":"https:\/\/www.abskids.com\/es\/#\/schema\/logo\/image\/"},"sameAs":["https:\/\/www.facebook.com\/alternative.behavior.strategies\/","https:\/\/www.instagram.com\/absoffice\/","https:\/\/www.linkedin.com\/company\/abskids\/","https:\/\/www.youtube.com\/channel\/UCQNaEBVMHldv61rde9uJ2xA"]}]}},"taxonomy_info":[],"featured_image_src_large":false,"author_info":{"display_name":"marcbacon","author_link":"https:\/\/www.abskids.com\/es\/blog\/author\/marcbacon\/"},"comment_info":"","_links":{"self":[{"href":"https:\/\/www.abskids.com\/es\/wp-json\/wp\/v2\/pages\/5776","targetHints":{"allow":["GET"]}}],"collection":[{"href":"https:\/\/www.abskids.com\/es\/wp-json\/wp\/v2\/pages"}],"about":[{"href":"https:\/\/www.abskids.com\/es\/wp-json\/wp\/v2\/types\/page"}],"author":[{"embeddable":true,"href":"https:\/\/www.abskids.com\/es\/wp-json\/wp\/v2\/users\/1"}],"replies":[{"embeddable":true,"href":"https:\/\/www.abskids.com\/es\/wp-json\/wp\/v2\/comments?post=5776"}],"version-history":[{"count":0,"href":"https:\/\/www.abskids.com\/es\/wp-json\/wp\/v2\/pages\/5776\/revisions"}],"wp:attachment":[{"href":"https:\/\/www.abskids.com\/es\/wp-json\/wp\/v2\/media?parent=5776"}],"curies":[{"name":"wp","href":"https:\/\/api.w.org\/{rel}","templated":true}]}}