{"id":5772,"date":"2022-03-10T17:22:20","date_gmt":"2022-03-10T23:22:20","guid":{"rendered":"https:\/\/www.abskids.com\/tecnico-de-comportamiento\/"},"modified":"2025-09-12T10:29:08","modified_gmt":"2025-09-12T15:29:08","slug":"tecnico-de-comportamiento","status":"publish","type":"page","link":"https:\/\/www.abskids.com\/es\/carreras\/tecnico-de-comportamiento\/","title":{"rendered":"T\u00e9cnico de la conducta"},"content":{"rendered":"\n<figure class=\"wp-block-image size-large\"><img decoding=\"async\" width=\"1024\" height=\"576\" src=\"https:\/\/www.abskids.com\/wp-content\/uploads\/Copy-of-ABS-Kids_approved_Banner-4-1024x576.png\" alt=\"\" class=\"wp-image-11978\" srcset=\"https:\/\/www.abskids.com\/wp-content\/uploads\/Copy-of-ABS-Kids_approved_Banner-4-1024x576.png 1024w, https:\/\/www.abskids.com\/wp-content\/uploads\/Copy-of-ABS-Kids_approved_Banner-4-300x169.png 300w, https:\/\/www.abskids.com\/wp-content\/uploads\/Copy-of-ABS-Kids_approved_Banner-4-768x432.png 768w, https:\/\/www.abskids.com\/wp-content\/uploads\/Copy-of-ABS-Kids_approved_Banner-4-1536x864.png 1536w, https:\/\/www.abskids.com\/wp-content\/uploads\/Copy-of-ABS-Kids_approved_Banner-4.png 1920w\" sizes=\"(max-width: 1024px) 100vw, 1024px\" \/><\/figure>\n\n\n\n<div class=\"wp-block-group is-layout-flow wp-block-group-is-layout-flow\">\n<h2 class=\"wp-block-heading has-text-align-center emphasize-3\">Encuentre sus <strong>WOW Moments<\/strong> con ABS Kids- le pagaremos para que impulse su carrera como t\u00e9cnico de la conducta.<\/h2>\n<\/div>\n\n\n\n<p class=\"has-text-align-center\">Como t\u00e9cnico conductual, trabajar\u00e1 individualmente con ni\u00f1os y proporcionar\u00e1 terapia de an\u00e1lisis conductual aplicado (ABA), que es el tratamiento m\u00e1s frecuentemente prescrito y cl\u00ednicamente probado para el trastorno del espectro autista. En ABS Kids, trabajamos en WOW convirtiendo los momentos cotidianos en poderosas oportunidades de crecimiento. En este puesto, desempe\u00f1ar\u00e1 un papel importante en la vida de los ni\u00f1os a trav\u00e9s de la terapia ABA basada en la investigaci\u00f3n, mediante planes personalizados para cada ni\u00f1o. Nosotros le proporcionaremos la formaci\u00f3n en el puesto de trabajo y usted aportar\u00e1 la pasi\u00f3n por crear momentos WOW para los ni\u00f1os y las familias a los que atiende cada d\u00eda.&nbsp;<\/p>\n\n\n\n<div style=\"height:46px\" aria-hidden=\"true\" class=\"wp-block-spacer\"><\/div>\n\n\n\n<div class=\"wp-block-buttons is-horizontal is-content-justification-center is-layout-flex wp-container-core-buttons-is-layout-03627597 wp-block-buttons-is-layout-flex\">\n<div class=\"wp-block-button\"><a class=\"wp-block-button__link wp-element-button\" href=\"https:\/\/jobs.abskids.com\/\">Post\u00falese ahora&nbsp;<\/a><\/div>\n<\/div>\n\n\n\n<div style=\"height:46px\" aria-hidden=\"true\" class=\"wp-block-spacer\"><\/div>\n\n\n\n<p><strong><strong>T\u00e9cnico de comportamiento es solo el comienzo&nbsp;<\/strong>&nbsp;<\/strong>&nbsp;<\/p>\n\n\n\n<p>En ABS Kids, los t\u00e9cnicos conductuales se centran en la formaci\u00f3n. Desde el primer d\u00eda, nuestro equipo de aprendizaje le prepara para el \u00e9xito con formaci\u00f3n en ABA, lecciones de cumplimiento y mejores pr\u00e1cticas. Despu\u00e9s de la formaci\u00f3n, estar\u00e1 preparado para aprobar el examen de t\u00e9cnico conductual registrado (RBT). Aqu\u00ed es donde comienza su carrera y aplica la terapia ABA en sesiones individuales.&nbsp;<\/p>\n\n\n\n<p><strong><strong>Hacer que lo incre\u00edble suceda a diario<\/strong><\/strong>&nbsp;<\/p>\n\n\n\n<p>Un t\u00e9cnico conductual es el catalizador para que los ni\u00f1os prosperen en su entorno, ense\u00f1\u00e1ndoles habilidades y t\u00e9cnicas para manejar comportamientos desafiantes. Las sesiones personalizadas pueden centrarse en:&nbsp;<\/p>\n\n\n\n<ul class=\"wp-block-list\">\n<li>Desarrollar habilidades de comunicaci\u00f3n<\/li>\n\n\n\n<li>El uso de habilidades sociales&nbsp;<\/li>\n\n\n\n<li>Desarrollar habilidades para la vida diaria (por ejemplo, aprender a ir al ba\u00f1o, cepillarse los dientes)&nbsp;<\/li>\n<\/ul>\n\n\n\n<p><strong>\u00danase a ABS Kids como t\u00e9cnico conductual (BT)&nbsp;<\/strong><\/p>\n\n\n\n<p><strong>Trabaje en WOW <\/strong>Marque la diferencia desde el primer d\u00eda mientras construye una carrera gratificante que crece con usted.&nbsp;<\/p>\n\n\n\n<p><strong>Inicie su carrera profesional <\/strong>Puestos de nivel inicial y a tiempo parcial en los que podr\u00e1 marcar una diferencia positiva en la vida de los ni\u00f1os, sin necesidad de experiencia previa. A trav\u00e9s de nuestro programa de desarrollo\u00a0 profesional LAUNCH, recibir\u00e1 un salario mientras se forma para convertirse en t\u00e9cnico conductual, con apoyo espec\u00edfico para obtener su\u00a0credencial de t\u00e9cnico conductual registrado (RBT), con la posibilidad de pasar a un puesto a tiempo completo.\u00a0<\/p>\n\n\n\n<p><strong>Mant\u00e9ngase conectado <\/strong>Forme parte del equipo de uno de nuestros centros y convi\u00e9rtase en un valioso colaborador de <a href=\"https:\/\/www.abskids.com\/events\/\" target=\"_blank\" rel=\"noreferrer noopener\">su comunidad<\/a><a href=\"https:\/\/www.abskids.com\/events\/\" target=\"_blank\" rel=\"noreferrer noopener\">.<\/a> Asista a eventos de team building, almuerzos formativos y con\u00e9ctese a trav\u00e9s de la oficina virtual de ABS Kids con cientos de profesionales de todo el pa\u00eds.&nbsp;<\/p>\n\n\n\n<p><strong>Obtenga recompensas <\/strong>Disfrute de un salario competitivo, reembolso por tiempo de conducci\u00f3n y kilometraje, pago extra por trabajar por las tardes, los fines de semana y los d\u00edas festivos, y tiempo libre remunerado por cada hora trabajada.&nbsp;<\/p>\n\n\n\n<p><strong>Invertimos en usted <\/strong>Aproveche nuestro plan 401(k) con una aportaci\u00f3n de la empresa del 4 % (con derecho a la totalidad desde el primer d\u00eda), bonificaciones por recomendaciones, oportunidades gratuitas de formaci\u00f3n en RCP y formaci\u00f3n continua, y acceso a descuentos para empleados, servicios EAP, asesoramiento legal y financiero, y mucho m\u00e1s.&nbsp;<\/p>\n\n\n\n<div style=\"height:46px\" aria-hidden=\"true\" class=\"wp-block-spacer\"><\/div>\n\n\n\n<div class=\"wp-block-buttons is-horizontal is-content-justification-center is-layout-flex wp-container-core-buttons-is-layout-03627597 wp-block-buttons-is-layout-flex\">\n<div class=\"wp-block-button\"><a class=\"wp-block-button__link wp-element-button\" href=\"https:\/\/jobs.abskids.com\/\">Post\u00falese ahora&nbsp;<\/a><\/div>\n<\/div>\n\n\n\n<div style=\"height:46px\" aria-hidden=\"true\" class=\"wp-block-spacer\"><\/div>\n\n\n\n<figure class=\"wp-block-image size-full\"><img decoding=\"async\" width=\"540\" height=\"388\" src=\"https:\/\/www.abskids.com\/wp-content\/uploads\/Untitled-design-39.png\" alt=\"\" class=\"wp-image-11968\" srcset=\"https:\/\/www.abskids.com\/wp-content\/uploads\/Untitled-design-39.png 540w, https:\/\/www.abskids.com\/wp-content\/uploads\/Untitled-design-39-300x216.png 300w\" sizes=\"(max-width: 540px) 100vw, 540px\" \/><\/figure>\n\n\n\n<div style=\"height:46px\" aria-hidden=\"true\" class=\"wp-block-spacer\"><\/div>\n\n\n\n<div class=\"wp-block-buttons is-horizontal is-content-justification-center is-layout-flex wp-container-core-buttons-is-layout-03627597 wp-block-buttons-is-layout-flex\">\n<div class=\"wp-block-button\"><a class=\"wp-block-button__link wp-element-button\" href=\"https:\/\/jobs.abskids.com\/\">Post\u00falese ahora&nbsp;<\/a><\/div>\n<\/div>\n\n\n\n<div style=\"height:46px\" aria-hidden=\"true\" class=\"wp-block-spacer\"><\/div>\n\n\n\n<script type='text\/javascript'>\r\n(function(o,l) {\r\nwindow.oliviaChatData = window.oliviaChatData || [];\r\nwindow.oliviaChatBaseUrl = o;\r\nwindow.oliviaChatData.push(['setKey', l]);\r\nwindow.oliviaChatData.push(['start']);\r\nvar apply = document.createElement('script');\r\napply.type = 'text\/javascript';\r\napply.async = true;\r\napply.src =\r\n'https:\/\/dokumfe7mps0i.cloudfront.net\/static\/site\/js\/widget-client.js';\r\nvar s = document.getElementsByTagName('script')[0];\r\ns.parentNode.insertBefore(apply, s);\r\n})('https:\/\/olivia.paradox.ai', 'sebyqfrwirtvmtfovesk');\r\n<\/script>\n","protected":false},"excerpt":{"rendered":"<p>Encuentre sus WOW Moments con ABS Kids- le pagaremos para que impulse su carrera como t\u00e9cnico de la conducta. Como&#8230;<\/p>\n","protected":false},"author":1,"featured_media":0,"parent":5823,"menu_order":2,"comment_status":"closed","ping_status":"closed","template":"page-templates\/careers.php","meta":{"_acf_changed":false,"content-type":"","_kad_blocks_custom_css":"","_kad_blocks_head_custom_js":"","_kad_blocks_body_custom_js":"","_kad_blocks_footer_custom_js":"","footnotes":""},"class_list":["post-5772","page","type-page","status-publish","hentry"],"acf":[],"yoast_head":"<!-- This site is optimized with the Yoast SEO plugin v27.4 - https:\/\/yoast.com\/product\/yoast-seo-wordpress\/ -->\n<title>T\u00e9cnico de la conducta - ABS Kids<\/title>\n<meta name=\"description\" content=\"ABS Kids le pagar\u00e1 para que se convierta en t\u00e9cnico de comportamiento (Behavioral Technician, BT) o t\u00e9cnico de comportamiento registrado (Registered Behavior Technician, RBT) mientras brinda apoyo para oportunidades profesionales futuras. El puesto de t\u00e9cnico de comportamiento es un trabajo de nivel inicial y de medio tiempo en el que proporcionamos todas las herramientas y la capacitaci\u00f3n que necesita.\" \/>\n<meta name=\"robots\" content=\"index, follow, max-snippet:-1, max-image-preview:large, max-video-preview:-1\" \/>\n<link rel=\"canonical\" href=\"https:\/\/www.abskids.com\/es\/carreras\/tecnico-de-comportamiento\/\" \/>\n<meta property=\"og:locale\" content=\"es_ES\" \/>\n<meta property=\"og:type\" content=\"article\" \/>\n<meta property=\"og:title\" content=\"T\u00e9cnico de la conducta - ABS Kids\" \/>\n<meta property=\"og:description\" content=\"ABS Kids le pagar\u00e1 para que se convierta en t\u00e9cnico de comportamiento (Behavioral Technician, BT) o t\u00e9cnico de comportamiento registrado (Registered Behavior Technician, RBT) mientras brinda apoyo para oportunidades profesionales futuras. El puesto de t\u00e9cnico de comportamiento es un trabajo de nivel inicial y de medio tiempo en el que proporcionamos todas las herramientas y la capacitaci\u00f3n que necesita.\" \/>\n<meta property=\"og:url\" content=\"https:\/\/www.abskids.com\/es\/carreras\/tecnico-de-comportamiento\/\" \/>\n<meta property=\"og:site_name\" content=\"ABS Kids\" \/>\n<meta property=\"article:publisher\" content=\"https:\/\/www.facebook.com\/alternative.behavior.strategies\/\" \/>\n<meta property=\"article:modified_time\" content=\"2025-09-12T15:29:08+00:00\" \/>\n<meta property=\"og:image\" content=\"https:\/\/www.abskids.com\/wp-content\/uploads\/Copy-of-ABS-Kids_approved_Banner-4-1024x576.png\" \/>\n<meta name=\"twitter:card\" content=\"summary_large_image\" \/>\n<meta name=\"twitter:label1\" content=\"Tiempo de lectura\" \/>\n\t<meta name=\"twitter:data1\" content=\"3 minutos\" \/>\n<script type=\"application\/ld+json\" class=\"yoast-schema-graph\">{\"@context\":\"https:\\\/\\\/schema.org\",\"@graph\":[{\"@type\":\"WebPage\",\"@id\":\"https:\\\/\\\/www.abskids.com\\\/es\\\/carreras\\\/tecnico-de-comportamiento\\\/\",\"url\":\"https:\\\/\\\/www.abskids.com\\\/es\\\/carreras\\\/tecnico-de-comportamiento\\\/\",\"name\":\"T\u00e9cnico de la conducta - ABS Kids\",\"isPartOf\":{\"@id\":\"https:\\\/\\\/www.abskids.com\\\/es\\\/#website\"},\"primaryImageOfPage\":{\"@id\":\"https:\\\/\\\/www.abskids.com\\\/es\\\/carreras\\\/tecnico-de-comportamiento\\\/#primaryimage\"},\"image\":{\"@id\":\"https:\\\/\\\/www.abskids.com\\\/es\\\/carreras\\\/tecnico-de-comportamiento\\\/#primaryimage\"},\"thumbnailUrl\":\"https:\\\/\\\/www.abskids.com\\\/wp-content\\\/uploads\\\/Copy-of-ABS-Kids_approved_Banner-4-1024x576.png\",\"datePublished\":\"2022-03-10T23:22:20+00:00\",\"dateModified\":\"2025-09-12T15:29:08+00:00\",\"description\":\"ABS Kids le pagar\u00e1 para que se convierta en t\u00e9cnico de comportamiento (Behavioral Technician, BT) o t\u00e9cnico de comportamiento registrado (Registered Behavior Technician, RBT) mientras brinda apoyo para oportunidades profesionales futuras. El puesto de t\u00e9cnico de comportamiento es un trabajo de nivel inicial y de medio tiempo en el que proporcionamos todas las herramientas y la capacitaci\u00f3n que necesita.\",\"breadcrumb\":{\"@id\":\"https:\\\/\\\/www.abskids.com\\\/es\\\/carreras\\\/tecnico-de-comportamiento\\\/#breadcrumb\"},\"inLanguage\":\"es\",\"potentialAction\":[{\"@type\":\"ReadAction\",\"target\":[\"https:\\\/\\\/www.abskids.com\\\/es\\\/carreras\\\/tecnico-de-comportamiento\\\/\"]}]},{\"@type\":\"ImageObject\",\"inLanguage\":\"es\",\"@id\":\"https:\\\/\\\/www.abskids.com\\\/es\\\/carreras\\\/tecnico-de-comportamiento\\\/#primaryimage\",\"url\":\"https:\\\/\\\/www.abskids.com\\\/wp-content\\\/uploads\\\/Copy-of-ABS-Kids_approved_Banner-4-1024x576.png\",\"contentUrl\":\"https:\\\/\\\/www.abskids.com\\\/wp-content\\\/uploads\\\/Copy-of-ABS-Kids_approved_Banner-4-1024x576.png\"},{\"@type\":\"BreadcrumbList\",\"@id\":\"https:\\\/\\\/www.abskids.com\\\/es\\\/carreras\\\/tecnico-de-comportamiento\\\/#breadcrumb\",\"itemListElement\":[{\"@type\":\"ListItem\",\"position\":1,\"name\":\"Home\",\"item\":\"https:\\\/\\\/www.abskids.com\\\/es\\\/\"},{\"@type\":\"ListItem\",\"position\":2,\"name\":\"Carreras\",\"item\":\"https:\\\/\\\/www.abskids.com\\\/es\\\/carreras\\\/\"},{\"@type\":\"ListItem\",\"position\":3,\"name\":\"T\u00e9cnico de la conducta\"}]},{\"@type\":\"WebSite\",\"@id\":\"https:\\\/\\\/www.abskids.com\\\/es\\\/#website\",\"url\":\"https:\\\/\\\/www.abskids.com\\\/es\\\/\",\"name\":\"ABS Kids\",\"description\":\"Building Little Moments Into Big Breakthroughs\",\"publisher\":{\"@id\":\"https:\\\/\\\/www.abskids.com\\\/es\\\/#organization\"},\"potentialAction\":[{\"@type\":\"SearchAction\",\"target\":{\"@type\":\"EntryPoint\",\"urlTemplate\":\"https:\\\/\\\/www.abskids.com\\\/es\\\/?s={search_term_string}\"},\"query-input\":{\"@type\":\"PropertyValueSpecification\",\"valueRequired\":true,\"valueName\":\"search_term_string\"}}],\"inLanguage\":\"es\"},{\"@type\":\"Organization\",\"@id\":\"https:\\\/\\\/www.abskids.com\\\/es\\\/#organization\",\"name\":\"ABS Kids\",\"url\":\"https:\\\/\\\/www.abskids.com\\\/es\\\/\",\"logo\":{\"@type\":\"ImageObject\",\"inLanguage\":\"es\",\"@id\":\"https:\\\/\\\/www.abskids.com\\\/es\\\/#\\\/schema\\\/logo\\\/image\\\/\",\"url\":\"https:\\\/\\\/www.abskids.com\\\/wp-content\\\/uploads\\\/ABS-Kids_VF_Screen.svg\",\"contentUrl\":\"https:\\\/\\\/www.abskids.com\\\/wp-content\\\/uploads\\\/ABS-Kids_VF_Screen.svg\",\"width\":\"1024\",\"height\":\"1024\",\"caption\":\"ABS Kids\"},\"image\":{\"@id\":\"https:\\\/\\\/www.abskids.com\\\/es\\\/#\\\/schema\\\/logo\\\/image\\\/\"},\"sameAs\":[\"https:\\\/\\\/www.facebook.com\\\/alternative.behavior.strategies\\\/\",\"https:\\\/\\\/www.instagram.com\\\/absoffice\\\/\",\"https:\\\/\\\/www.linkedin.com\\\/company\\\/abskids\\\/\",\"https:\\\/\\\/www.youtube.com\\\/channel\\\/UCQNaEBVMHldv61rde9uJ2xA\"]}]}<\/script>\n<!-- \/ Yoast SEO plugin. -->","yoast_head_json":{"title":"T\u00e9cnico de la conducta - ABS Kids","description":"ABS Kids le pagar\u00e1 para que se convierta en t\u00e9cnico de comportamiento (Behavioral Technician, BT) o t\u00e9cnico de comportamiento registrado (Registered Behavior Technician, RBT) mientras brinda apoyo para oportunidades profesionales futuras. El puesto de t\u00e9cnico de comportamiento es un trabajo de nivel inicial y de medio tiempo en el que proporcionamos todas las herramientas y la capacitaci\u00f3n que necesita.","robots":{"index":"index","follow":"follow","max-snippet":"max-snippet:-1","max-image-preview":"max-image-preview:large","max-video-preview":"max-video-preview:-1"},"canonical":"https:\/\/www.abskids.com\/es\/carreras\/tecnico-de-comportamiento\/","og_locale":"es_ES","og_type":"article","og_title":"T\u00e9cnico de la conducta - ABS Kids","og_description":"ABS Kids le pagar\u00e1 para que se convierta en t\u00e9cnico de comportamiento (Behavioral Technician, BT) o t\u00e9cnico de comportamiento registrado (Registered Behavior Technician, RBT) mientras brinda apoyo para oportunidades profesionales futuras. El puesto de t\u00e9cnico de comportamiento es un trabajo de nivel inicial y de medio tiempo en el que proporcionamos todas las herramientas y la capacitaci\u00f3n que necesita.","og_url":"https:\/\/www.abskids.com\/es\/carreras\/tecnico-de-comportamiento\/","og_site_name":"ABS Kids","article_publisher":"https:\/\/www.facebook.com\/alternative.behavior.strategies\/","article_modified_time":"2025-09-12T15:29:08+00:00","og_image":[{"url":"https:\/\/www.abskids.com\/wp-content\/uploads\/Copy-of-ABS-Kids_approved_Banner-4-1024x576.png","type":"","width":"","height":""}],"twitter_card":"summary_large_image","twitter_misc":{"Tiempo de lectura":"3 minutos"},"schema":{"@context":"https:\/\/schema.org","@graph":[{"@type":"WebPage","@id":"https:\/\/www.abskids.com\/es\/carreras\/tecnico-de-comportamiento\/","url":"https:\/\/www.abskids.com\/es\/carreras\/tecnico-de-comportamiento\/","name":"T\u00e9cnico de la conducta - ABS Kids","isPartOf":{"@id":"https:\/\/www.abskids.com\/es\/#website"},"primaryImageOfPage":{"@id":"https:\/\/www.abskids.com\/es\/carreras\/tecnico-de-comportamiento\/#primaryimage"},"image":{"@id":"https:\/\/www.abskids.com\/es\/carreras\/tecnico-de-comportamiento\/#primaryimage"},"thumbnailUrl":"https:\/\/www.abskids.com\/wp-content\/uploads\/Copy-of-ABS-Kids_approved_Banner-4-1024x576.png","datePublished":"2022-03-10T23:22:20+00:00","dateModified":"2025-09-12T15:29:08+00:00","description":"ABS Kids le pagar\u00e1 para que se convierta en t\u00e9cnico de comportamiento (Behavioral Technician, BT) o t\u00e9cnico de comportamiento registrado (Registered Behavior Technician, RBT) mientras brinda apoyo para oportunidades profesionales futuras. El puesto de t\u00e9cnico de comportamiento es un trabajo de nivel inicial y de medio tiempo en el que proporcionamos todas las herramientas y la capacitaci\u00f3n que necesita.","breadcrumb":{"@id":"https:\/\/www.abskids.com\/es\/carreras\/tecnico-de-comportamiento\/#breadcrumb"},"inLanguage":"es","potentialAction":[{"@type":"ReadAction","target":["https:\/\/www.abskids.com\/es\/carreras\/tecnico-de-comportamiento\/"]}]},{"@type":"ImageObject","inLanguage":"es","@id":"https:\/\/www.abskids.com\/es\/carreras\/tecnico-de-comportamiento\/#primaryimage","url":"https:\/\/www.abskids.com\/wp-content\/uploads\/Copy-of-ABS-Kids_approved_Banner-4-1024x576.png","contentUrl":"https:\/\/www.abskids.com\/wp-content\/uploads\/Copy-of-ABS-Kids_approved_Banner-4-1024x576.png"},{"@type":"BreadcrumbList","@id":"https:\/\/www.abskids.com\/es\/carreras\/tecnico-de-comportamiento\/#breadcrumb","itemListElement":[{"@type":"ListItem","position":1,"name":"Home","item":"https:\/\/www.abskids.com\/es\/"},{"@type":"ListItem","position":2,"name":"Carreras","item":"https:\/\/www.abskids.com\/es\/carreras\/"},{"@type":"ListItem","position":3,"name":"T\u00e9cnico de la conducta"}]},{"@type":"WebSite","@id":"https:\/\/www.abskids.com\/es\/#website","url":"https:\/\/www.abskids.com\/es\/","name":"ABS Kids","description":"Building Little Moments Into Big Breakthroughs","publisher":{"@id":"https:\/\/www.abskids.com\/es\/#organization"},"potentialAction":[{"@type":"SearchAction","target":{"@type":"EntryPoint","urlTemplate":"https:\/\/www.abskids.com\/es\/?s={search_term_string}"},"query-input":{"@type":"PropertyValueSpecification","valueRequired":true,"valueName":"search_term_string"}}],"inLanguage":"es"},{"@type":"Organization","@id":"https:\/\/www.abskids.com\/es\/#organization","name":"ABS Kids","url":"https:\/\/www.abskids.com\/es\/","logo":{"@type":"ImageObject","inLanguage":"es","@id":"https:\/\/www.abskids.com\/es\/#\/schema\/logo\/image\/","url":"https:\/\/www.abskids.com\/wp-content\/uploads\/ABS-Kids_VF_Screen.svg","contentUrl":"https:\/\/www.abskids.com\/wp-content\/uploads\/ABS-Kids_VF_Screen.svg","width":"1024","height":"1024","caption":"ABS Kids"},"image":{"@id":"https:\/\/www.abskids.com\/es\/#\/schema\/logo\/image\/"},"sameAs":["https:\/\/www.facebook.com\/alternative.behavior.strategies\/","https:\/\/www.instagram.com\/absoffice\/","https:\/\/www.linkedin.com\/company\/abskids\/","https:\/\/www.youtube.com\/channel\/UCQNaEBVMHldv61rde9uJ2xA"]}]}},"taxonomy_info":[],"featured_image_src_large":false,"author_info":{"display_name":"marcbacon","author_link":"https:\/\/www.abskids.com\/es\/blog\/author\/marcbacon\/"},"comment_info":"","_links":{"self":[{"href":"https:\/\/www.abskids.com\/es\/wp-json\/wp\/v2\/pages\/5772","targetHints":{"allow":["GET"]}}],"collection":[{"href":"https:\/\/www.abskids.com\/es\/wp-json\/wp\/v2\/pages"}],"about":[{"href":"https:\/\/www.abskids.com\/es\/wp-json\/wp\/v2\/types\/page"}],"author":[{"embeddable":true,"href":"https:\/\/www.abskids.com\/es\/wp-json\/wp\/v2\/users\/1"}],"replies":[{"embeddable":true,"href":"https:\/\/www.abskids.com\/es\/wp-json\/wp\/v2\/comments?post=5772"}],"version-history":[{"count":0,"href":"https:\/\/www.abskids.com\/es\/wp-json\/wp\/v2\/pages\/5772\/revisions"}],"up":[{"embeddable":true,"href":"https:\/\/www.abskids.com\/es\/wp-json\/wp\/v2\/pages\/5823"}],"wp:attachment":[{"href":"https:\/\/www.abskids.com\/es\/wp-json\/wp\/v2\/media?parent=5772"}],"curies":[{"name":"wp","href":"https:\/\/api.w.org\/{rel}","templated":true}]}}