{"id":5768,"date":"2022-03-10T17:22:16","date_gmt":"2022-03-10T23:22:16","guid":{"rendered":"https:\/\/www.abskids.com\/seguro\/"},"modified":"2025-07-31T15:16:50","modified_gmt":"2025-07-31T20:16:50","slug":"seguro","status":"publish","type":"page","link":"https:\/\/www.abskids.com\/es\/seguro\/","title":{"rendered":"Cobertura de Seguros"},"content":{"rendered":"\n<p class=\"has-text-align-center\">Si tiene dudas sobre la cobertura de su seguro respecto a la <a href=\"https:\/\/www.abskids.com\/es\/servicios\/evaluaciones-psicologicas\/\">evaluaci\u00f3n psicol\u00f3gica<\/a> o la terapia, puede ponerse en <a href=\"https:\/\/www.abskids.com\/es\/contacto\/\">contacto con nosotros<\/a>. Somos expertos, y estamos aqu\u00ed para ayudarle- ABS Kids le llevar\u00e1 de la mano para comprender la cobertura de su seguro y los aspectos financieros antes de comenzar el tratamiento.<\/p>\n\n\n\n<div class=\"wp-block-buttons is-horizontal is-content-justification-center is-layout-flex wp-container-core-buttons-is-layout-03627597 wp-block-buttons-is-layout-flex\">\n<div class=\"wp-block-button\"><a class=\"wp-block-button__link wp-element-button\" href=\"#formulario\"><strong>\u00bfTIENE DUDAS SOBRE SU SEGURO?<\/strong><\/a><\/div>\n<\/div>\n\n\n\n<div style=\"height:40px\" aria-hidden=\"true\" class=\"wp-block-spacer\"><\/div>\n\n\n\n<div class=\"wp-block-group is-layout-flow wp-block-group-is-layout-flow\">\n<h3 class=\"wp-block-heading\"><strong>La autorizaci\u00f3n del seguro generalmente tarda entre una y dos semanas<\/strong><\/h3>\n\n\n\n<p>El costo de la terapia ABA depende la cobertura de su seguro y de cu\u00e1ntas horas de tratamiento necesitar\u00e1 su hijo.<\/p>\n\n\n\n<p>Podremos calcular los montos de cobertura una vez que realicemos una evaluaci\u00f3n psicol\u00f3gica y se determine cu\u00e1ntas horas de terapia ABA necesitar\u00e1 su hijo.<\/p>\n<\/div>\n\n\n\n<div class=\"wp-block-group is-layout-flow wp-block-group-is-layout-flow\">\n<h3 class=\"wp-block-heading\"><strong>Deducibles, copagos, coseguros y l\u00edmites de desembolso<\/strong><\/h3>\n\n\n\n<p>Es posible que tenga que pagar un deducible, que es la cantidad que paga por los servicios sanitarios cubiertos antes de que su plan de seguros empiece a pagar.<\/p>\n\n\n\n<p>Algunos planes de seguro tienen un coseguro, lo que significa que usted seria responsable de un porcentaje fijo de las facturas hasta llegar a un limite de desembolso, despues del cual el seguro cubriria el 100% de los servicios.<\/p>\n\n\n\n<p>Algunos planes de seguro tienen un copago, que es un pago fijo por dia para los servicios. Los planes difieren, pero en ultima instancia una familia realizaria copagos hasta alcanzar un limite de gastos, tras lo cual el seguro cubriria el 100% de los servicios.<\/p>\n<\/div>\n\n\n\n<div class=\"wp-block-group is-layout-flow wp-block-group-is-layout-flow\">\n<h3 class=\"wp-block-heading\"><strong>Exclusi\u00f3n de beneficios y limitaciones<\/strong><\/h3>\n\n\n\n<p>Si ve el termino \u201cexclusi\u00f3n de beneficios\u201d, significa que el plan de seguros no cubre un servicio concreto y no autorizar\u00e1 ni reembolsar\u00e1 dichos servicios. Si su plan no cubre los servicios de terapia ABA, es posible que pueda negociar con su empleador y\/o proveedor de seguros para ai&#8217;tadir estos servicios.<\/p>\n\n\n\n<p>Algunos planes tienen limitaciones en cuanto a rangos de edad, horas\/ano o topes monetarios totales (por ejemplo, 30.000 d61ares\/ano) para los servicios. Podemos ayudarle a determinar si su plan de seguro tiene alguna limitaci\u00f3n para que pueda planificar en consecuencia..<\/p>\n<\/div>\n\n\n<style>.kb-row-layout-id5768_9f7275-c2 > .kt-row-column-wrap{align-content:start;}:where(.kb-row-layout-id5768_9f7275-c2 > .kt-row-column-wrap) > .wp-block-kadence-column{justify-content:start;}.kb-row-layout-id5768_9f7275-c2 > .kt-row-column-wrap{column-gap:var(--global-kb-gap-md, 2rem);row-gap:var(--global-kb-gap-md, 2rem);max-width:600px;margin-left:auto;margin-right:auto;padding-top:var(--global-kb-spacing-sm, 1.5rem);padding-bottom:var(--global-kb-spacing-sm, 1.5rem);grid-template-columns:minmax(0, 1fr);}.kb-row-layout-id5768_9f7275-c2 > .kt-row-layout-overlay{opacity:0.30;}@media all and (max-width: 1024px){.kb-row-layout-id5768_9f7275-c2 > .kt-row-column-wrap{grid-template-columns:minmax(0, 1fr);}}@media all and (max-width: 767px){.kb-row-layout-id5768_9f7275-c2 > .kt-row-column-wrap{grid-template-columns:minmax(0, 1fr);}}<\/style><div class=\"kb-row-layout-wrap kb-row-layout-id5768_9f7275-c2 alignnone wp-block-kadence-rowlayout\"><div class=\"kt-row-column-wrap kt-has-1-columns kt-row-layout-equal kt-tab-layout-inherit kt-mobile-layout-row kt-row-valign-top\">\n<style>.kadence-column5768_bc7c75-27 > .kt-inside-inner-col,.kadence-column5768_bc7c75-27 > .kt-inside-inner-col:before{border-top-left-radius:0px;border-top-right-radius:0px;border-bottom-right-radius:0px;border-bottom-left-radius:0px;}.kadence-column5768_bc7c75-27 > .kt-inside-inner-col{column-gap:var(--global-kb-gap-sm, 1rem);}.kadence-column5768_bc7c75-27 > .kt-inside-inner-col{flex-direction:column;}.kadence-column5768_bc7c75-27 > .kt-inside-inner-col > .aligncenter{width:100%;}.kadence-column5768_bc7c75-27 > .kt-inside-inner-col:before{opacity:0.3;}.kadence-column5768_bc7c75-27{position:relative;}@media all and (max-width: 1024px){.kadence-column5768_bc7c75-27 > .kt-inside-inner-col{flex-direction:column;justify-content:center;}}@media all and (max-width: 767px){.kadence-column5768_bc7c75-27 > .kt-inside-inner-col{flex-direction:column;justify-content:center;}}<\/style>\n<div class=\"wp-block-kadence-column kadence-column5768_bc7c75-27 inner-column-1\"><div class=\"kt-inside-inner-col\">\n<h3 class=\"wp-block-heading has-text-align-center emphasize-3\"> <strong>\u00bfTiene dudas sobre el seguro?<\/strong><\/h3>\n\n\n\n<p class=\"has-text-align-center\" id=\"form\">\n\t\t\t\t\t\t<script>\n\t\t\t\t\t\t\twindow.hsFormsOnReady = window.hsFormsOnReady || [];\n\t\t\t\t\t\t\twindow.hsFormsOnReady.push(()=>{\n\t\t\t\t\t\t\t\thbspt.forms.create({\n\t\t\t\t\t\t\t\t\tportalId: 8717295,\n\t\t\t\t\t\t\t\t\tformId: \"4fc7c318-029c-4eac-9685-2e25da2a0e41\",\n\t\t\t\t\t\t\t\t\ttarget: \"#hbspt-form-1777203512000-9805714635\",\n\t\t\t\t\t\t\t\t\tregion: \"na1\",\n\t\t\t\t\t\t\t\t\t\n\t\t\t\t\t\t\t})});\n\t\t\t\t\t\t<\/script>\n\t\t\t\t\t\t<div class=\"hbspt-form\" id=\"hbspt-form-1777203512000-9805714635\"><\/div><\/p>\n<\/div><\/div>\n\n<\/div><\/div>\n\n\n<p class=\"has-text-align-left\"><strong>Conozca a su Equipo de Acreditaci\u00f3n de Utah<\/strong><\/p>\n\n\n\n<ul class=\"wp-block-list\">\n<li>Samantha Garcia; Especialista en Acreditaci\u00f3n<\/li>\n\n\n\n<li>Valerie Castagna; Especialista en Acreditaci\u00f3n<\/li>\n<\/ul>\n","protected":false},"excerpt":{"rendered":"<p>Si tiene dudas sobre la cobertura de su seguro respecto a la evaluaci\u00f3n psicol\u00f3gica o la terapia, puede ponerse en&#8230;<\/p>\n","protected":false},"author":1,"featured_media":0,"parent":0,"menu_order":10,"comment_status":"closed","ping_status":"open","template":"","meta":{"_acf_changed":false,"content-type":"","_kad_blocks_custom_css":"","_kad_blocks_head_custom_js":"","_kad_blocks_body_custom_js":"","_kad_blocks_footer_custom_js":"","footnotes":""},"class_list":["post-5768","page","type-page","status-publish","hentry"],"acf":[],"yoast_head":"<!-- This site is optimized with the Yoast SEO plugin v27.4 - https:\/\/yoast.com\/product\/yoast-seo-wordpress\/ -->\n<title>Comprensi\u00f3n de la cobertura de seguro para la atenci\u00f3n del autismo - ABS Kids<\/title>\n<meta name=\"description\" content=\"ABS puede ayudarle a comprender su cobertura de seguro y determinar sus responsabilidades financieras antes de comenzar el tratamiento.\" \/>\n<meta name=\"robots\" content=\"index, follow, max-snippet:-1, max-image-preview:large, max-video-preview:-1\" \/>\n<link rel=\"canonical\" href=\"https:\/\/www.abskids.com\/es\/seguro\/\" \/>\n<meta property=\"og:locale\" content=\"es_ES\" \/>\n<meta property=\"og:type\" content=\"article\" \/>\n<meta property=\"og:title\" content=\"Comprensi\u00f3n de la cobertura de seguro para la atenci\u00f3n del autismo - ABS Kids\" \/>\n<meta property=\"og:description\" content=\"ABS puede ayudarle a comprender su cobertura de seguro y determinar sus responsabilidades financieras antes de comenzar el tratamiento.\" \/>\n<meta property=\"og:url\" content=\"https:\/\/www.abskids.com\/es\/seguro\/\" \/>\n<meta property=\"og:site_name\" content=\"ABS Kids\" \/>\n<meta property=\"article:publisher\" content=\"https:\/\/www.facebook.com\/alternative.behavior.strategies\/\" \/>\n<meta property=\"article:modified_time\" content=\"2025-07-31T20:16:50+00:00\" \/>\n<meta property=\"og:image\" content=\"https:\/\/www.abskids.com\/wp-content\/uploads\/abs-og.jpg\" \/>\n\t<meta property=\"og:image:width\" content=\"1200\" \/>\n\t<meta property=\"og:image:height\" content=\"630\" \/>\n\t<meta property=\"og:image:type\" content=\"image\/jpeg\" \/>\n<meta name=\"twitter:card\" content=\"summary_large_image\" \/>\n<meta name=\"twitter:label1\" content=\"Tiempo de lectura\" \/>\n\t<meta name=\"twitter:data1\" content=\"2 minutos\" \/>\n<script type=\"application\/ld+json\" class=\"yoast-schema-graph\">{\"@context\":\"https:\\\/\\\/schema.org\",\"@graph\":[{\"@type\":\"WebPage\",\"@id\":\"https:\\\/\\\/www.abskids.com\\\/es\\\/seguro\\\/\",\"url\":\"https:\\\/\\\/www.abskids.com\\\/es\\\/seguro\\\/\",\"name\":\"Comprensi\u00f3n de la cobertura de seguro para la atenci\u00f3n del autismo - ABS Kids\",\"isPartOf\":{\"@id\":\"https:\\\/\\\/www.abskids.com\\\/es\\\/#website\"},\"datePublished\":\"2022-03-10T23:22:16+00:00\",\"dateModified\":\"2025-07-31T20:16:50+00:00\",\"description\":\"ABS puede ayudarle a comprender su cobertura de seguro y determinar sus responsabilidades financieras antes de comenzar el tratamiento.\",\"breadcrumb\":{\"@id\":\"https:\\\/\\\/www.abskids.com\\\/es\\\/seguro\\\/#breadcrumb\"},\"inLanguage\":\"es\",\"potentialAction\":[{\"@type\":\"ReadAction\",\"target\":[\"https:\\\/\\\/www.abskids.com\\\/es\\\/seguro\\\/\"]}]},{\"@type\":\"BreadcrumbList\",\"@id\":\"https:\\\/\\\/www.abskids.com\\\/es\\\/seguro\\\/#breadcrumb\",\"itemListElement\":[{\"@type\":\"ListItem\",\"position\":1,\"name\":\"Home\",\"item\":\"https:\\\/\\\/www.abskids.com\\\/es\\\/\"},{\"@type\":\"ListItem\",\"position\":2,\"name\":\"Cobertura de Seguros\"}]},{\"@type\":\"WebSite\",\"@id\":\"https:\\\/\\\/www.abskids.com\\\/es\\\/#website\",\"url\":\"https:\\\/\\\/www.abskids.com\\\/es\\\/\",\"name\":\"ABS Kids\",\"description\":\"Building Little Moments Into Big Breakthroughs\",\"publisher\":{\"@id\":\"https:\\\/\\\/www.abskids.com\\\/es\\\/#organization\"},\"potentialAction\":[{\"@type\":\"SearchAction\",\"target\":{\"@type\":\"EntryPoint\",\"urlTemplate\":\"https:\\\/\\\/www.abskids.com\\\/es\\\/?s={search_term_string}\"},\"query-input\":{\"@type\":\"PropertyValueSpecification\",\"valueRequired\":true,\"valueName\":\"search_term_string\"}}],\"inLanguage\":\"es\"},{\"@type\":\"Organization\",\"@id\":\"https:\\\/\\\/www.abskids.com\\\/es\\\/#organization\",\"name\":\"ABS Kids\",\"url\":\"https:\\\/\\\/www.abskids.com\\\/es\\\/\",\"logo\":{\"@type\":\"ImageObject\",\"inLanguage\":\"es\",\"@id\":\"https:\\\/\\\/www.abskids.com\\\/es\\\/#\\\/schema\\\/logo\\\/image\\\/\",\"url\":\"https:\\\/\\\/www.abskids.com\\\/wp-content\\\/uploads\\\/ABS-Kids_VF_Screen.svg\",\"contentUrl\":\"https:\\\/\\\/www.abskids.com\\\/wp-content\\\/uploads\\\/ABS-Kids_VF_Screen.svg\",\"width\":\"1024\",\"height\":\"1024\",\"caption\":\"ABS Kids\"},\"image\":{\"@id\":\"https:\\\/\\\/www.abskids.com\\\/es\\\/#\\\/schema\\\/logo\\\/image\\\/\"},\"sameAs\":[\"https:\\\/\\\/www.facebook.com\\\/alternative.behavior.strategies\\\/\",\"https:\\\/\\\/www.instagram.com\\\/absoffice\\\/\",\"https:\\\/\\\/www.linkedin.com\\\/company\\\/abskids\\\/\",\"https:\\\/\\\/www.youtube.com\\\/channel\\\/UCQNaEBVMHldv61rde9uJ2xA\"]}]}<\/script>\n<!-- \/ Yoast SEO plugin. -->","yoast_head_json":{"title":"Comprensi\u00f3n de la cobertura de seguro para la atenci\u00f3n del autismo - ABS Kids","description":"ABS puede ayudarle a comprender su cobertura de seguro y determinar sus responsabilidades financieras antes de comenzar el tratamiento.","robots":{"index":"index","follow":"follow","max-snippet":"max-snippet:-1","max-image-preview":"max-image-preview:large","max-video-preview":"max-video-preview:-1"},"canonical":"https:\/\/www.abskids.com\/es\/seguro\/","og_locale":"es_ES","og_type":"article","og_title":"Comprensi\u00f3n de la cobertura de seguro para la atenci\u00f3n del autismo - ABS Kids","og_description":"ABS puede ayudarle a comprender su cobertura de seguro y determinar sus responsabilidades financieras antes de comenzar el tratamiento.","og_url":"https:\/\/www.abskids.com\/es\/seguro\/","og_site_name":"ABS Kids","article_publisher":"https:\/\/www.facebook.com\/alternative.behavior.strategies\/","article_modified_time":"2025-07-31T20:16:50+00:00","og_image":[{"width":1200,"height":630,"url":"https:\/\/www.abskids.com\/wp-content\/uploads\/abs-og.jpg","type":"image\/jpeg"}],"twitter_card":"summary_large_image","twitter_misc":{"Tiempo de lectura":"2 minutos"},"schema":{"@context":"https:\/\/schema.org","@graph":[{"@type":"WebPage","@id":"https:\/\/www.abskids.com\/es\/seguro\/","url":"https:\/\/www.abskids.com\/es\/seguro\/","name":"Comprensi\u00f3n de la cobertura de seguro para la atenci\u00f3n del autismo - ABS Kids","isPartOf":{"@id":"https:\/\/www.abskids.com\/es\/#website"},"datePublished":"2022-03-10T23:22:16+00:00","dateModified":"2025-07-31T20:16:50+00:00","description":"ABS puede ayudarle a comprender su cobertura de seguro y determinar sus responsabilidades financieras antes de comenzar el tratamiento.","breadcrumb":{"@id":"https:\/\/www.abskids.com\/es\/seguro\/#breadcrumb"},"inLanguage":"es","potentialAction":[{"@type":"ReadAction","target":["https:\/\/www.abskids.com\/es\/seguro\/"]}]},{"@type":"BreadcrumbList","@id":"https:\/\/www.abskids.com\/es\/seguro\/#breadcrumb","itemListElement":[{"@type":"ListItem","position":1,"name":"Home","item":"https:\/\/www.abskids.com\/es\/"},{"@type":"ListItem","position":2,"name":"Cobertura de Seguros"}]},{"@type":"WebSite","@id":"https:\/\/www.abskids.com\/es\/#website","url":"https:\/\/www.abskids.com\/es\/","name":"ABS Kids","description":"Building Little Moments Into Big Breakthroughs","publisher":{"@id":"https:\/\/www.abskids.com\/es\/#organization"},"potentialAction":[{"@type":"SearchAction","target":{"@type":"EntryPoint","urlTemplate":"https:\/\/www.abskids.com\/es\/?s={search_term_string}"},"query-input":{"@type":"PropertyValueSpecification","valueRequired":true,"valueName":"search_term_string"}}],"inLanguage":"es"},{"@type":"Organization","@id":"https:\/\/www.abskids.com\/es\/#organization","name":"ABS Kids","url":"https:\/\/www.abskids.com\/es\/","logo":{"@type":"ImageObject","inLanguage":"es","@id":"https:\/\/www.abskids.com\/es\/#\/schema\/logo\/image\/","url":"https:\/\/www.abskids.com\/wp-content\/uploads\/ABS-Kids_VF_Screen.svg","contentUrl":"https:\/\/www.abskids.com\/wp-content\/uploads\/ABS-Kids_VF_Screen.svg","width":"1024","height":"1024","caption":"ABS Kids"},"image":{"@id":"https:\/\/www.abskids.com\/es\/#\/schema\/logo\/image\/"},"sameAs":["https:\/\/www.facebook.com\/alternative.behavior.strategies\/","https:\/\/www.instagram.com\/absoffice\/","https:\/\/www.linkedin.com\/company\/abskids\/","https:\/\/www.youtube.com\/channel\/UCQNaEBVMHldv61rde9uJ2xA"]}]}},"taxonomy_info":[],"featured_image_src_large":false,"author_info":{"display_name":"marcbacon","author_link":"https:\/\/www.abskids.com\/es\/blog\/author\/marcbacon\/"},"comment_info":"","_links":{"self":[{"href":"https:\/\/www.abskids.com\/es\/wp-json\/wp\/v2\/pages\/5768","targetHints":{"allow":["GET"]}}],"collection":[{"href":"https:\/\/www.abskids.com\/es\/wp-json\/wp\/v2\/pages"}],"about":[{"href":"https:\/\/www.abskids.com\/es\/wp-json\/wp\/v2\/types\/page"}],"author":[{"embeddable":true,"href":"https:\/\/www.abskids.com\/es\/wp-json\/wp\/v2\/users\/1"}],"replies":[{"embeddable":true,"href":"https:\/\/www.abskids.com\/es\/wp-json\/wp\/v2\/comments?post=5768"}],"version-history":[{"count":0,"href":"https:\/\/www.abskids.com\/es\/wp-json\/wp\/v2\/pages\/5768\/revisions"}],"wp:attachment":[{"href":"https:\/\/www.abskids.com\/es\/wp-json\/wp\/v2\/media?parent=5768"}],"curies":[{"name":"wp","href":"https:\/\/api.w.org\/{rel}","templated":true}]}}