{"id":5752,"date":"2022-03-10T17:22:06","date_gmt":"2022-03-10T23:22:06","guid":{"rendered":"https:\/\/www.abskids.com\/centros-de-terapia-aba\/"},"modified":"2025-05-09T12:01:04","modified_gmt":"2025-05-09T17:01:04","slug":"centros-de-terapia-aba","status":"publish","type":"page","link":"https:\/\/www.abskids.com\/es\/servicios\/centros-de-terapia-aba\/","title":{"rendered":"Centros de terapia ABA"},"content":{"rendered":"<div id=\"intro-block-block_e2949ae84226434a8aa772e9c3e494f4\" class=\"block-intro alignwide\">\n\n    <div class=\"intro-section row\">\n\n            <div class=\"intro-section-inside medium-6 columns end\">\n            <div class=\"intro-section-content\">\n                <h2 class=\"intro-headline\" style=\"font-size: 2rem; padding-top: 2rem;\">Nuestros centros de terapia ABA est\u00e1n construidos espec\u00edficamente para ofrecer oportunidades \u00fanicas de aprendizaje y desarrollo para ni\u00f1os con Trastorno del Espectro Autista (TEA).<\/h2>\n<p>Estos centros ofrecen una terapia intensiva en un entorno seguro y estructurado supervisado por analistas de la conducta profesionales.<\/p>\n<p>La terapia en el centro tambi\u00e9n ofrece la oportunidad de que su hijo conozca a otras personas, participe en actividades de aprendizaje en grupo y desarrolle habilidades sociales bajo una estrecha supervisi\u00f3n.<\/p>\n<p>Los centros ABS Kids cuentan con salas tem\u00e1ticas para el desarrollo de habilidades espec\u00edficas, socializaci\u00f3n y control sensorial. El equipamiento, como las paredes de roca, los trampolines con asas y los recursos art\u00edsticos y musicales, favorecen el desarrollo de las habilidades motoras y dan a los ni\u00f1os la oportunidad de probar cosas nuevas.<\/p>\n<p>Su analista de la conducta especializado le ayudar\u00e1 a determinar cu\u00e1l de nuestras opciones de terapia ABA (en el centro, en el hogar, en la escuela o un h\u00edbrido entre ellos) ser\u00e1 la m\u00e1s conveniente.<\/p>\n<p><a class=\"wp-block-button__link\" href=\"https:\/\/www.abskids.com\/es\/contacto\/\" target=\"_blank\" rel=\"noopener\">Contacto<\/a><\/p>\n            <\/div>\n        <\/div>\n\n                                <div class=\"intro-section-img right medium-6 columns\">\n                <img decoding=\"async\" width=\"2000\" height=\"2000\" src=\"https:\/\/www.abskids.com\/wp-content\/uploads\/ABS_ABA-Center_Header-2.jpg\" class=\"attachment-full size-full\" alt=\"Behavior Technician working with children\" srcset=\"https:\/\/www.abskids.com\/wp-content\/uploads\/ABS_ABA-Center_Header-2.jpg 2000w, https:\/\/www.abskids.com\/wp-content\/uploads\/ABS_ABA-Center_Header-2-300x300.jpg 300w, https:\/\/www.abskids.com\/wp-content\/uploads\/ABS_ABA-Center_Header-2-1024x1024.jpg 1024w, https:\/\/www.abskids.com\/wp-content\/uploads\/ABS_ABA-Center_Header-2-150x150.jpg 150w, https:\/\/www.abskids.com\/wp-content\/uploads\/ABS_ABA-Center_Header-2-768x768.jpg 768w, https:\/\/www.abskids.com\/wp-content\/uploads\/ABS_ABA-Center_Header-2-1536x1536.jpg 1536w\" sizes=\"(max-width: 2000px) 100vw, 2000px\" \/>            <\/div>\n            \n        \n\n    <\/div>\n\n<\/div>\n\n<svg class=\"svg\" style=\"height:0;width: 0;position:absolute;\">\n  <clipPath id=\"intro-path\" clipPathUnits=\"objectBoundingBox\"><path d=\"M0.965,0 h-0.552 L0.299,0.036 C0.201,0.067,0.124,0.135,0.087,0.221 L0.022,0.378 c-0.063,0.152,0.015,0.322,0.182,0.39 l0.493,0.203 c0.097,0.04,0.208,0.039,0.304,-0.003 V0.032 c-0.012,-0.012,-0.023,-0.022,-0.036,-0.032\"><\/path><\/clipPath>\n<\/svg>\n\n<svg class=\"svg\" style=\"height:0;width: 0;position:absolute;\">\n  <clipPath id=\"intro-path-left\" clipPathUnits=\"objectBoundingBox\"><path d=\"M0,1 h0.122 c0.102,0,0.203,-0.009,0.303,-0.026 c0.069,-0.012,0.138,-0.024,0.161,-0.031 c0.034,-0.01,0.073,-0.022,0.099,-0.032 c0.056,-0.021,0.14,-0.078,0.183,-0.149 c0.044,-0.071,0.09,-0.194,0.111,-0.241 c0.02,-0.046,0.012,-0.183,-0.056,-0.26 c-0.068,-0.077,-0.142,-0.108,-0.249,-0.149 C0.566,0.071,0.238,0.008,0.181,0.011 C0.127,0.014,0.027,-0.001,0,0 C-0.027,0.001,0,0,0,0 v0.963\"><\/path><\/clipPath>\n<\/svg>\n\n\n\n\n\n\n\n\n\n<style media=\"screen\">\n    .intro-section-img.right img {clip-path: url(#intro-path);}\n\n    .intro-section-img.flipped-img img {clip-path: url(#intro-path-left);}\n<\/style>\n\n\n\n<h2 class=\"wp-block-heading has-text-align-center emphasize-4\">Nuestros <strong>centros de terapia ABA<\/strong><\/h2>\n\n\n<style>.kb-row-layout-wrap.wp-block-kadence-rowlayout.kb-row-layout-id5764_77991c-e8{margin-bottom:4em;}.kb-row-layout-id5764_77991c-e8 > .kt-row-column-wrap{align-content:start;}:where(.kb-row-layout-id5764_77991c-e8 > .kt-row-column-wrap) > .wp-block-kadence-column{justify-content:start;}.kb-row-layout-id5764_77991c-e8 > .kt-row-column-wrap{column-gap:32px;row-gap:var(--global-kb-gap-md, 2rem);max-width:1280px;margin-left:auto;margin-right:auto;padding-top:var(--global-kb-spacing-sm, 1.5rem);padding-bottom:var(--global-kb-spacing-sm, 1.5rem);}.kb-row-layout-id5764_77991c-e8 > .kt-row-column-wrap > div:not(.added-for-specificity){grid-column:initial;}.kb-row-layout-id5764_77991c-e8 > .kt-row-column-wrap{grid-template-columns:repeat(5, minmax(0, 1fr));}.kb-row-layout-id5764_77991c-e8 > .kt-row-layout-overlay{opacity:0.30;}@media all and (max-width: 1024px){.kb-row-layout-id5764_77991c-e8 > .kt-row-column-wrap > div:not(.added-for-specificity){grid-column:initial;}}@media all and (max-width: 1024px){.kb-row-layout-id5764_77991c-e8 > .kt-row-column-wrap{grid-template-columns:repeat(5, minmax(0, 1fr));}}@media all and (max-width: 767px){.kb-row-layout-id5764_77991c-e8 > .kt-row-column-wrap > div:not(.added-for-specificity){grid-column:initial;}.kb-row-layout-id5764_77991c-e8 > .kt-row-column-wrap{grid-template-columns:minmax(0, 1fr);}}<\/style><div class=\"kb-row-layout-wrap kb-row-layout-id5764_77991c-e8 alignwide locations-list wp-block-kadence-rowlayout\"><div class=\"kt-row-column-wrap kt-has-5-columns kt-row-layout-equal kt-tab-layout-inherit kt-mobile-layout-row kt-row-valign-top\">\n<style>.kadence-column5764_6a12a5-30 > .kt-inside-inner-col,.kadence-column5764_6a12a5-30 > .kt-inside-inner-col:before{border-top-left-radius:0px;border-top-right-radius:0px;border-bottom-right-radius:0px;border-bottom-left-radius:0px;}.kadence-column5764_6a12a5-30 > .kt-inside-inner-col{column-gap:var(--global-kb-gap-sm, 1rem);}.kadence-column5764_6a12a5-30 > .kt-inside-inner-col{flex-direction:column;}.kadence-column5764_6a12a5-30 > .kt-inside-inner-col > .aligncenter{width:100%;}.kadence-column5764_6a12a5-30 > .kt-inside-inner-col:before{opacity:0.3;}.kadence-column5764_6a12a5-30{position:relative;}@media all and (max-width: 1024px){.kadence-column5764_6a12a5-30 > .kt-inside-inner-col{flex-direction:column;justify-content:center;}}@media all and (max-width: 767px){.kadence-column5764_6a12a5-30 > .kt-inside-inner-col{flex-direction:column;justify-content:center;}}<\/style>\n<div class=\"wp-block-kadence-column kadence-column5764_6a12a5-30 inner-column-1\"><div class=\"kt-inside-inner-col\">\n<h3 class=\"wp-block-heading has-text-align-center\"><strong>California<\/strong><\/h3>\n\n\n\n<ul class=\"wp-block-list\">\n<li><a data-type=\"locations\" data-id=\"3488\" href=\"https:\/\/www.abskids.com\/es\/locations\/inland-empire\/\">Inland Empire<\/a><\/li>\n\n\n\n<li><a data-type=\"locations\" data-id=\"4662\" href=\"https:\/\/www.abskids.com\/es\/locations\/imperial-valley\/\">Imperial Valley<\/a><\/li>\n\n\n\n<li><a data-type=\"locations\" data-id=\"3490\" href=\"https:\/\/www.abskids.com\/es\/locations\/greater-san-diego\/\">Greater San Diego<\/a><\/li>\n\n\n\n<li><a href=\"https:\/\/www.abskids.com\/es\/locations\/condado-de-ventura\/\">Condado de Ventura<\/a><\/li>\n\n\n\n<li><a href=\"https:\/\/www.abskids.com\/es\/locations\/temecula-valley\/\">Temecula Valley<\/a><\/li>\n<\/ul>\n<\/div><\/div>\n\n\n<style>.kadence-column5764_95fc48-4e > .kt-inside-inner-col,.kadence-column5764_95fc48-4e > .kt-inside-inner-col:before{border-top-left-radius:0px;border-top-right-radius:0px;border-bottom-right-radius:0px;border-bottom-left-radius:0px;}.kadence-column5764_95fc48-4e > .kt-inside-inner-col{column-gap:var(--global-kb-gap-sm, 1rem);}.kadence-column5764_95fc48-4e > .kt-inside-inner-col{flex-direction:column;}.kadence-column5764_95fc48-4e > .kt-inside-inner-col > .aligncenter{width:100%;}.kadence-column5764_95fc48-4e > .kt-inside-inner-col:before{opacity:0.3;}.kadence-column5764_95fc48-4e{position:relative;}@media all and (max-width: 1024px){.kadence-column5764_95fc48-4e > .kt-inside-inner-col{flex-direction:column;justify-content:center;}}@media all and (max-width: 767px){.kadence-column5764_95fc48-4e > .kt-inside-inner-col{flex-direction:column;justify-content:center;}}<\/style>\n<div class=\"wp-block-kadence-column kadence-column5764_95fc48-4e inner-column-2\"><div class=\"kt-inside-inner-col\">\n<h3 class=\"wp-block-heading has-text-align-center\"><strong>Carolina del Norte<\/strong><\/h3>\n\n\n\n<ul class=\"wp-block-list\">\n<li><a href=\"https:\/\/www.abskids.com\/es\/locations\/charlotte\/\">Charlotte<\/a><\/li>\n\n\n\n<li><a href=\"https:\/\/www.abskids.com\/es\/locations\/concord\/\">Concord<\/a><\/li>\n\n\n\n<li><a href=\"https:\/\/www.abskids.com\/es\/locations\/garner\/\">Garner<\/a><\/li>\n\n\n\n<li><a href=\"https:\/\/www.abskids.com\/es\/locations\/gastonia\/\">Gastonia<\/a><\/li>\n\n\n\n<li><a href=\"https:\/\/www.abskids.com\/es\/locations\/greensboro\/\">Greensboro<\/a><\/li>\n\n\n\n<li><a href=\"https:\/\/www.abskids.com\/es\/locations\/holly-springs\/\">Holly Springs<\/a><\/li>\n\n\n\n<li><a href=\"https:\/\/www.abskids.com\/es\/locations\/huntersville\/\">Huntersville<\/a><\/li>\n\n\n\n<li><a href=\"https:\/\/www.abskids.com\/es\/locations\/kernersville\/\">Kernersville<\/a><\/li>\n\n\n\n<li><a href=\"https:\/\/www.abskids.com\/es\/locations\/raleigh-durham\/\">Raleigh<\/a><\/li>\n\n\n\n<li><a href=\"https:\/\/www.abskids.com\/es\/locations\/union-county\/\">Union County<\/a><\/li>\n\n\n\n<li><a href=\"https:\/\/www.abskids.com\/es\/locations\/winston-salem\/\">Winston-Salem<\/a><\/li>\n<\/ul>\n<\/div><\/div>\n\n\n<style>.kadence-column5764_7e7683-3e > .kt-inside-inner-col,.kadence-column5764_7e7683-3e > .kt-inside-inner-col:before{border-top-left-radius:0px;border-top-right-radius:0px;border-bottom-right-radius:0px;border-bottom-left-radius:0px;}.kadence-column5764_7e7683-3e > .kt-inside-inner-col{column-gap:var(--global-kb-gap-sm, 1rem);}.kadence-column5764_7e7683-3e > .kt-inside-inner-col{flex-direction:column;}.kadence-column5764_7e7683-3e > .kt-inside-inner-col > .aligncenter{width:100%;}.kadence-column5764_7e7683-3e > .kt-inside-inner-col:before{opacity:0.3;}.kadence-column5764_7e7683-3e{position:relative;}@media all and (max-width: 1024px){.kadence-column5764_7e7683-3e > .kt-inside-inner-col{flex-direction:column;justify-content:center;}}@media all and (max-width: 767px){.kadence-column5764_7e7683-3e > .kt-inside-inner-col{flex-direction:column;justify-content:center;}}<\/style>\n<div class=\"wp-block-kadence-column kadence-column5764_7e7683-3e inner-column-2\"><div class=\"kt-inside-inner-col\">\n<h3 class=\"wp-block-heading has-text-align-center\"><strong>Carolina del Sur<\/strong><\/h3>\n\n\n\n<ul class=\"wp-block-list\">\n<li><a href=\"https:\/\/www.abskids.com\/es\/locations\/columbia\/\">Columbia<\/a><\/li>\n\n\n\n<li><a href=\"https:\/\/www.abskids.com\/es\/locations\/fort-mill\/\">Fort Mill<\/a><\/li>\n\n\n\n<li><a href=\"https:\/\/www.abskids.com\/es\/locations\/greenville\/\">Greenville<\/a><\/li>\n\n\n\n<li><a href=\"https:\/\/www.abskids.com\/es\/locations\/rock-hill\/\" data-type=\"locations\" data-id=\"9037\">Rock Hill<\/a><\/li>\n<\/ul>\n<\/div><\/div>\n\n\n<style>.kadence-column5764_3eef24-0b > .kt-inside-inner-col,.kadence-column5764_3eef24-0b > .kt-inside-inner-col:before{border-top-left-radius:0px;border-top-right-radius:0px;border-bottom-right-radius:0px;border-bottom-left-radius:0px;}.kadence-column5764_3eef24-0b > .kt-inside-inner-col{column-gap:var(--global-kb-gap-sm, 1rem);}.kadence-column5764_3eef24-0b > .kt-inside-inner-col{flex-direction:column;}.kadence-column5764_3eef24-0b > .kt-inside-inner-col > .aligncenter{width:100%;}.kadence-column5764_3eef24-0b > .kt-inside-inner-col:before{opacity:0.3;}.kadence-column5764_3eef24-0b{position:relative;}@media all and (max-width: 1024px){.kadence-column5764_3eef24-0b > .kt-inside-inner-col{flex-direction:column;justify-content:center;}}@media all and (max-width: 767px){.kadence-column5764_3eef24-0b > .kt-inside-inner-col{flex-direction:column;justify-content:center;}}<\/style>\n<div class=\"wp-block-kadence-column kadence-column5764_3eef24-0b inner-column-3\"><div class=\"kt-inside-inner-col\">\n<h3 class=\"wp-block-heading has-text-align-center\"><strong><strong>Tennessee<\/strong><\/strong><\/h3>\n\n\n\n<ul class=\"wp-block-list\">\n<li><a href=\"https:\/\/www.abskids.com\/es\/locations\/gallatin\/\">Gallatin<\/a><\/li>\n\n\n\n<li><a href=\"https:\/\/www.abskids.com\/es\/locations\/hendersonville\/\">Hendersonville<\/a><\/li>\n\n\n\n<li><a href=\"https:\/\/www.abskids.com\/es\/locations\/murfreesboro\/\">Murfreesboro<\/a><\/li>\n\n\n\n<li><a href=\"https:\/\/www.abskids.com\/es\/locations\/nashville\/\">Nashville<\/a><\/li>\n\n\n\n<li><a href=\"https:\/\/www.abskids.com\/es\/locations\/smyrna\/\" data-type=\"locations\" data-id=\"9135\">Smyrna<\/a><\/li>\n<\/ul>\n<\/div><\/div>\n\n\n<style>.kadence-column5764_9f31a1-ae > .kt-inside-inner-col,.kadence-column5764_9f31a1-ae > .kt-inside-inner-col:before{border-top-left-radius:0px;border-top-right-radius:0px;border-bottom-right-radius:0px;border-bottom-left-radius:0px;}.kadence-column5764_9f31a1-ae > .kt-inside-inner-col{column-gap:var(--global-kb-gap-sm, 1rem);}.kadence-column5764_9f31a1-ae > .kt-inside-inner-col{flex-direction:column;}.kadence-column5764_9f31a1-ae > .kt-inside-inner-col > .aligncenter{width:100%;}.kadence-column5764_9f31a1-ae > .kt-inside-inner-col:before{opacity:0.3;}.kadence-column5764_9f31a1-ae{position:relative;}@media all and (max-width: 1024px){.kadence-column5764_9f31a1-ae > .kt-inside-inner-col{flex-direction:column;justify-content:center;}}@media all and (max-width: 767px){.kadence-column5764_9f31a1-ae > .kt-inside-inner-col{flex-direction:column;justify-content:center;}}<\/style>\n<div class=\"wp-block-kadence-column kadence-column5764_9f31a1-ae inner-column-4\"><div class=\"kt-inside-inner-col\">\n<h3 class=\"wp-block-heading has-text-align-center\"><strong>Utah<\/strong><\/h3>\n\n\n\n<ul class=\"wp-block-list\">\n<li><a href=\"https:\/\/www.abskids.com\/es\/locations\/american-fork\/\" data-type=\"locations\" data-id=\"7622\">American Fork<\/a><\/li>\n\n\n\n<li><a href=\"https:\/\/www.abskids.com\/es\/locations\/bountiful\/\">Bountiful<\/a><\/li>\n\n\n\n<li><a href=\"https:\/\/www.abskids.com\/es\/locations\/cottonwood-heights\/\">Cottonwood Heights<\/a><\/li>\n\n\n\n<li><a href=\"https:\/\/www.abskids.com\/es\/locations\/kaysville\/\">Kaysville<\/a><\/li>\n\n\n\n<li><a href=\"https:\/\/www.abskids.com\/es\/locations\/layton\/\">Layton<\/a><\/li>\n\n\n\n<li><a href=\"https:\/\/www.abskids.com\/es\/locations\/logan\/\">Logan<\/a><\/li>\n\n\n\n<li><a href=\"https:\/\/www.abskids.com\/es\/locations\/ogden\/\">Ogden<\/a><\/li>\n\n\n\n<li><a href=\"https:\/\/www.abskids.com\/es\/locations\/orem\/\">Orem<\/a><\/li>\n\n\n\n<li><a href=\"https:\/\/www.abskids.com\/es\/locations\/provo\/\">Provo<\/a><\/li>\n\n\n\n<li><a href=\"https:\/\/www.abskids.com\/es\/locations\/salt-lake-city\/\">Salt Lake City<\/a><\/li>\n\n\n\n<li><a href=\"https:\/\/www.abskids.com\/es\/locations\/south-jordan\/\" data-type=\"locations\" data-id=\"8902\">South Jordan<\/a><\/li>\n\n\n\n<li><a href=\"https:\/\/www.abskids.com\/es\/locations\/st-george\/\">St. George<\/a><\/li>\n\n\n\n<li><a href=\"https:\/\/www.abskids.com\/es\/locations\/taylorsville\/\">Taylorsville<\/a><\/li>\n\n\n\n<li><a href=\"https:\/\/www.abskids.com\/es\/locations\/tooele\/\">Tooele<\/a><\/li>\n\n\n\n<li><a href=\"https:\/\/www.abskids.com\/es\/?post_type=locations&#038;p=11061\">West Valley City<\/a><\/li>\n<\/ul>\n<\/div><\/div>\n\n<\/div><\/div>","protected":false},"excerpt":{"rendered":"<p>Nuestros centros de terapia ABA<\/p>\n","protected":false},"author":1,"featured_media":0,"parent":5827,"menu_order":0,"comment_status":"closed","ping_status":"closed","template":"","meta":{"_acf_changed":true,"content-type":"","_kad_blocks_custom_css":"","_kad_blocks_head_custom_js":"","_kad_blocks_body_custom_js":"","_kad_blocks_footer_custom_js":"","footnotes":""},"class_list":["post-5752","page","type-page","status-publish","hentry"],"acf":[],"yoast_head":"<!-- This site is optimized with the Yoast SEO plugin v27.4 - https:\/\/yoast.com\/product\/yoast-seo-wordpress\/ -->\n<title>Centros de terapia ABA - ABS Kids<\/title>\n<meta name=\"description\" content=\"Las instalaciones de ABS Kids, construidas especialmente, ofrecen oportunidades \u00fanicas de aprendizaje y desarrollo para ni\u00f1os con trastorno del espectro autista (ASD) en California, Utah y Carolina del Norte.\" \/>\n<meta name=\"robots\" content=\"index, follow, max-snippet:-1, max-image-preview:large, max-video-preview:-1\" \/>\n<link rel=\"canonical\" href=\"https:\/\/www.abskids.com\/es\/servicios\/centros-de-terapia-aba\/\" \/>\n<meta property=\"og:locale\" content=\"es_ES\" \/>\n<meta property=\"og:type\" content=\"article\" \/>\n<meta property=\"og:title\" content=\"Centros de terapia ABA - ABS Kids\" \/>\n<meta property=\"og:description\" content=\"Las instalaciones de ABS Kids, construidas especialmente, ofrecen oportunidades \u00fanicas de aprendizaje y desarrollo para ni\u00f1os con trastorno del espectro autista (ASD) en California, Utah y Carolina del Norte.\" \/>\n<meta property=\"og:url\" content=\"https:\/\/www.abskids.com\/es\/servicios\/centros-de-terapia-aba\/\" \/>\n<meta property=\"og:site_name\" content=\"ABS Kids\" \/>\n<meta property=\"article:publisher\" content=\"https:\/\/www.facebook.com\/alternative.behavior.strategies\/\" \/>\n<meta property=\"article:modified_time\" content=\"2025-05-09T17:01:04+00:00\" \/>\n<meta property=\"og:image\" content=\"https:\/\/www.abskids.com\/wp-content\/uploads\/abs-og.jpg\" \/>\n\t<meta property=\"og:image:width\" content=\"1200\" \/>\n\t<meta property=\"og:image:height\" content=\"630\" \/>\n\t<meta property=\"og:image:type\" content=\"image\/jpeg\" \/>\n<meta name=\"twitter:card\" content=\"summary_large_image\" \/>\n<meta name=\"twitter:label1\" content=\"Tiempo de lectura\" \/>\n\t<meta name=\"twitter:data1\" content=\"1 minuto\" \/>\n<script type=\"application\/ld+json\" class=\"yoast-schema-graph\">{\"@context\":\"https:\\\/\\\/schema.org\",\"@graph\":[{\"@type\":\"WebPage\",\"@id\":\"https:\\\/\\\/www.abskids.com\\\/es\\\/servicios\\\/centros-de-terapia-aba\\\/\",\"url\":\"https:\\\/\\\/www.abskids.com\\\/es\\\/servicios\\\/centros-de-terapia-aba\\\/\",\"name\":\"Centros de terapia ABA - ABS Kids\",\"isPartOf\":{\"@id\":\"https:\\\/\\\/www.abskids.com\\\/es\\\/#website\"},\"datePublished\":\"2022-03-10T23:22:06+00:00\",\"dateModified\":\"2025-05-09T17:01:04+00:00\",\"description\":\"Las instalaciones de ABS Kids, construidas especialmente, ofrecen oportunidades \u00fanicas de aprendizaje y desarrollo para ni\u00f1os con trastorno del espectro autista (ASD) en California, Utah y Carolina del Norte.\",\"breadcrumb\":{\"@id\":\"https:\\\/\\\/www.abskids.com\\\/es\\\/servicios\\\/centros-de-terapia-aba\\\/#breadcrumb\"},\"inLanguage\":\"es\",\"potentialAction\":[{\"@type\":\"ReadAction\",\"target\":[\"https:\\\/\\\/www.abskids.com\\\/es\\\/servicios\\\/centros-de-terapia-aba\\\/\"]}]},{\"@type\":\"BreadcrumbList\",\"@id\":\"https:\\\/\\\/www.abskids.com\\\/es\\\/servicios\\\/centros-de-terapia-aba\\\/#breadcrumb\",\"itemListElement\":[{\"@type\":\"ListItem\",\"position\":1,\"name\":\"Home\",\"item\":\"https:\\\/\\\/www.abskids.com\\\/es\\\/\"},{\"@type\":\"ListItem\",\"position\":2,\"name\":\"Servicios\",\"item\":\"https:\\\/\\\/www.abskids.com\\\/es\\\/servicios\\\/\"},{\"@type\":\"ListItem\",\"position\":3,\"name\":\"Centros de terapia ABA\"}]},{\"@type\":\"WebSite\",\"@id\":\"https:\\\/\\\/www.abskids.com\\\/es\\\/#website\",\"url\":\"https:\\\/\\\/www.abskids.com\\\/es\\\/\",\"name\":\"ABS Kids\",\"description\":\"Building Little Moments Into Big Breakthroughs\",\"publisher\":{\"@id\":\"https:\\\/\\\/www.abskids.com\\\/es\\\/#organization\"},\"potentialAction\":[{\"@type\":\"SearchAction\",\"target\":{\"@type\":\"EntryPoint\",\"urlTemplate\":\"https:\\\/\\\/www.abskids.com\\\/es\\\/?s={search_term_string}\"},\"query-input\":{\"@type\":\"PropertyValueSpecification\",\"valueRequired\":true,\"valueName\":\"search_term_string\"}}],\"inLanguage\":\"es\"},{\"@type\":\"Organization\",\"@id\":\"https:\\\/\\\/www.abskids.com\\\/es\\\/#organization\",\"name\":\"ABS Kids\",\"url\":\"https:\\\/\\\/www.abskids.com\\\/es\\\/\",\"logo\":{\"@type\":\"ImageObject\",\"inLanguage\":\"es\",\"@id\":\"https:\\\/\\\/www.abskids.com\\\/es\\\/#\\\/schema\\\/logo\\\/image\\\/\",\"url\":\"https:\\\/\\\/www.abskids.com\\\/wp-content\\\/uploads\\\/ABS-Kids_VF_Screen.svg\",\"contentUrl\":\"https:\\\/\\\/www.abskids.com\\\/wp-content\\\/uploads\\\/ABS-Kids_VF_Screen.svg\",\"width\":\"1024\",\"height\":\"1024\",\"caption\":\"ABS Kids\"},\"image\":{\"@id\":\"https:\\\/\\\/www.abskids.com\\\/es\\\/#\\\/schema\\\/logo\\\/image\\\/\"},\"sameAs\":[\"https:\\\/\\\/www.facebook.com\\\/alternative.behavior.strategies\\\/\",\"https:\\\/\\\/www.instagram.com\\\/absoffice\\\/\",\"https:\\\/\\\/www.linkedin.com\\\/company\\\/abskids\\\/\",\"https:\\\/\\\/www.youtube.com\\\/channel\\\/UCQNaEBVMHldv61rde9uJ2xA\"]}]}<\/script>\n<!-- \/ Yoast SEO plugin. -->","yoast_head_json":{"title":"Centros de terapia ABA - ABS Kids","description":"Las instalaciones de ABS Kids, construidas especialmente, ofrecen oportunidades \u00fanicas de aprendizaje y desarrollo para ni\u00f1os con trastorno del espectro autista (ASD) en California, Utah y Carolina del Norte.","robots":{"index":"index","follow":"follow","max-snippet":"max-snippet:-1","max-image-preview":"max-image-preview:large","max-video-preview":"max-video-preview:-1"},"canonical":"https:\/\/www.abskids.com\/es\/servicios\/centros-de-terapia-aba\/","og_locale":"es_ES","og_type":"article","og_title":"Centros de terapia ABA - ABS Kids","og_description":"Las instalaciones de ABS Kids, construidas especialmente, ofrecen oportunidades \u00fanicas de aprendizaje y desarrollo para ni\u00f1os con trastorno del espectro autista (ASD) en California, Utah y Carolina del Norte.","og_url":"https:\/\/www.abskids.com\/es\/servicios\/centros-de-terapia-aba\/","og_site_name":"ABS Kids","article_publisher":"https:\/\/www.facebook.com\/alternative.behavior.strategies\/","article_modified_time":"2025-05-09T17:01:04+00:00","og_image":[{"width":1200,"height":630,"url":"https:\/\/www.abskids.com\/wp-content\/uploads\/abs-og.jpg","type":"image\/jpeg"}],"twitter_card":"summary_large_image","twitter_misc":{"Tiempo de lectura":"1 minuto"},"schema":{"@context":"https:\/\/schema.org","@graph":[{"@type":"WebPage","@id":"https:\/\/www.abskids.com\/es\/servicios\/centros-de-terapia-aba\/","url":"https:\/\/www.abskids.com\/es\/servicios\/centros-de-terapia-aba\/","name":"Centros de terapia ABA - ABS Kids","isPartOf":{"@id":"https:\/\/www.abskids.com\/es\/#website"},"datePublished":"2022-03-10T23:22:06+00:00","dateModified":"2025-05-09T17:01:04+00:00","description":"Las instalaciones de ABS Kids, construidas especialmente, ofrecen oportunidades \u00fanicas de aprendizaje y desarrollo para ni\u00f1os con trastorno del espectro autista (ASD) en California, Utah y Carolina del Norte.","breadcrumb":{"@id":"https:\/\/www.abskids.com\/es\/servicios\/centros-de-terapia-aba\/#breadcrumb"},"inLanguage":"es","potentialAction":[{"@type":"ReadAction","target":["https:\/\/www.abskids.com\/es\/servicios\/centros-de-terapia-aba\/"]}]},{"@type":"BreadcrumbList","@id":"https:\/\/www.abskids.com\/es\/servicios\/centros-de-terapia-aba\/#breadcrumb","itemListElement":[{"@type":"ListItem","position":1,"name":"Home","item":"https:\/\/www.abskids.com\/es\/"},{"@type":"ListItem","position":2,"name":"Servicios","item":"https:\/\/www.abskids.com\/es\/servicios\/"},{"@type":"ListItem","position":3,"name":"Centros de terapia ABA"}]},{"@type":"WebSite","@id":"https:\/\/www.abskids.com\/es\/#website","url":"https:\/\/www.abskids.com\/es\/","name":"ABS Kids","description":"Building Little Moments Into Big Breakthroughs","publisher":{"@id":"https:\/\/www.abskids.com\/es\/#organization"},"potentialAction":[{"@type":"SearchAction","target":{"@type":"EntryPoint","urlTemplate":"https:\/\/www.abskids.com\/es\/?s={search_term_string}"},"query-input":{"@type":"PropertyValueSpecification","valueRequired":true,"valueName":"search_term_string"}}],"inLanguage":"es"},{"@type":"Organization","@id":"https:\/\/www.abskids.com\/es\/#organization","name":"ABS Kids","url":"https:\/\/www.abskids.com\/es\/","logo":{"@type":"ImageObject","inLanguage":"es","@id":"https:\/\/www.abskids.com\/es\/#\/schema\/logo\/image\/","url":"https:\/\/www.abskids.com\/wp-content\/uploads\/ABS-Kids_VF_Screen.svg","contentUrl":"https:\/\/www.abskids.com\/wp-content\/uploads\/ABS-Kids_VF_Screen.svg","width":"1024","height":"1024","caption":"ABS Kids"},"image":{"@id":"https:\/\/www.abskids.com\/es\/#\/schema\/logo\/image\/"},"sameAs":["https:\/\/www.facebook.com\/alternative.behavior.strategies\/","https:\/\/www.instagram.com\/absoffice\/","https:\/\/www.linkedin.com\/company\/abskids\/","https:\/\/www.youtube.com\/channel\/UCQNaEBVMHldv61rde9uJ2xA"]}]}},"taxonomy_info":[],"featured_image_src_large":false,"author_info":{"display_name":"marcbacon","author_link":"https:\/\/www.abskids.com\/es\/blog\/author\/marcbacon\/"},"comment_info":"","_links":{"self":[{"href":"https:\/\/www.abskids.com\/es\/wp-json\/wp\/v2\/pages\/5752","targetHints":{"allow":["GET"]}}],"collection":[{"href":"https:\/\/www.abskids.com\/es\/wp-json\/wp\/v2\/pages"}],"about":[{"href":"https:\/\/www.abskids.com\/es\/wp-json\/wp\/v2\/types\/page"}],"author":[{"embeddable":true,"href":"https:\/\/www.abskids.com\/es\/wp-json\/wp\/v2\/users\/1"}],"replies":[{"embeddable":true,"href":"https:\/\/www.abskids.com\/es\/wp-json\/wp\/v2\/comments?post=5752"}],"version-history":[{"count":0,"href":"https:\/\/www.abskids.com\/es\/wp-json\/wp\/v2\/pages\/5752\/revisions"}],"up":[{"embeddable":true,"href":"https:\/\/www.abskids.com\/es\/wp-json\/wp\/v2\/pages\/5827"}],"wp:attachment":[{"href":"https:\/\/www.abskids.com\/es\/wp-json\/wp\/v2\/media?parent=5752"}],"curies":[{"name":"wp","href":"https:\/\/api.w.org\/{rel}","templated":true}]}}