{"id":13370,"date":"2026-02-26T11:35:27","date_gmt":"2026-02-26T17:35:27","guid":{"rendered":"https:\/\/www.abskids.com\/?page_id=13370"},"modified":"2026-02-26T13:51:59","modified_gmt":"2026-02-26T19:51:59","slug":"informacion-fiscal","status":"publish","type":"page","link":"https:\/\/www.abskids.com\/es\/informacion-fiscal\/","title":{"rendered":"Informaci\u00f3n Fiscal"},"content":{"rendered":"\n<h2 class=\"wp-block-heading\">DOCUMENTOS IMPORTANTES RELACIONADOS CON EL IMPUESTO DE COBERTURA M\u00c9DICA<\/h2>\n\n\n\n<p>Aviso\u00a0sobre\u00a0la\u00a0disponibilidad\u00a0del\u00a0formulario\u00a0fiscal 1095-C\u00a0Oferta\u00a0y\u00a0cobertura\u00a0de\u00a0seguro\u00a0m\u00e9dico\u00a0proporcionado\u00a0por\u00a0el\u00a0empleador\u00a0<\/p>\n\n\n\n<p>Los\u00a0empleadores\u00a0ya\u00a0no\u00a0est\u00e1n\u00a0obligados\u00a0a\u00a0proporcionar\u00a0de forma\u00a0proactiva\u00a0el\u00a0formulario\u00a01095-C a\u00a0los\u00a0empleados.\u00a0<\/p>\n\n\n\n<p>Sin embargo,\u00a0si\u00a0desea\u00a0recibir\u00a0una\u00a0copia\u00a0de\u00a0su\u00a0formulario\u00a01095-C,\u00a0puede\u00a0ponerse\u00a0en\u00a0contacto\u00a0directamente\u00a0con Empyrean para\u00a0solicitarlo\u00a0por\u00a0tel\u00e9fono,\u00a0correo\u00a0electr\u00f3nico\u00a0o\u00a0correo\u00a0postal.\u00a0<\/p>\n\n\n\n<p><strong>Tel\u00e9fono:<\/strong> 844-249-6992<br><strong>Correo electr\u00f3nico:<\/strong>&nbsp;<a href=\"mailto:form1095servicecenter@goempyrean.com\">form1095servicecenter@goempyrean.com<\/a><br><strong>Correo postal:&nbsp;<\/strong><br>Form 1095 Service Ctr.<br>PO Box 3310<br>Bellaire, TX 77402<\/p>\n\n\n\n<p>Para\u00a0evitar\u00a0retrasos\u00a0en\u00a0la\u00a0tramitaci\u00f3n\u00a0de\u00a0su\u00a0solicitud\u00a0del\u00a0formulario\u00a01095-C,\u00a0aseg\u00farese\u00a0de\u00a0proporcionar\u00a0su\u00a0informaci\u00f3n\u00a0de\u00a0identificaci\u00f3n:\u00a0<\/p>\n\n\n\n<ul class=\"wp-block-list\">\n<li>Nombre completo<\/li>\n\n\n\n<li>Empleador<\/li>\n\n\n\n<li>Su direcci\u00f3n postal<\/li>\n\n\n\n<li>\u00daltimos cuatro d\u00edgitos de su n\u00famero de Seguro Social<\/li>\n<\/ul>\n\n\n\n<p><\/p>\n","protected":false},"excerpt":{"rendered":"<p>DOCUMENTOS IMPORTANTES RELACIONADOS CON EL IMPUESTO DE COBERTURA M\u00c9DICA Aviso\u00a0sobre\u00a0la\u00a0disponibilidad\u00a0del\u00a0formulario\u00a0fiscal 1095-C\u00a0Oferta\u00a0y\u00a0cobertura\u00a0de\u00a0seguro\u00a0m\u00e9dico\u00a0proporcionado\u00a0por\u00a0el\u00a0empleador\u00a0 Los\u00a0empleadores\u00a0ya\u00a0no\u00a0est\u00e1n\u00a0obligados\u00a0a\u00a0proporcionar\u00a0de forma\u00a0proactiva\u00a0el\u00a0formulario\u00a01095-C a\u00a0los\u00a0empleados.\u00a0 Sin embargo,\u00a0si\u00a0desea\u00a0recibir\u00a0una\u00a0copia\u00a0de\u00a0su\u00a0formulario\u00a01095-C,\u00a0puede\u00a0ponerse\u00a0en\u00a0contacto\u00a0directamente\u00a0con Empyrean para\u00a0solicitarlo\u00a0por\u00a0tel\u00e9fono,\u00a0correo\u00a0electr\u00f3nico\u00a0o\u00a0correo\u00a0postal.\u00a0 Tel\u00e9fono: 844-249-6992Correo&#8230;<\/p>\n","protected":false},"author":10,"featured_media":0,"parent":0,"menu_order":0,"comment_status":"closed","ping_status":"closed","template":"","meta":{"_acf_changed":false,"content-type":"","_kad_blocks_custom_css":"","_kad_blocks_head_custom_js":"","_kad_blocks_body_custom_js":"","_kad_blocks_footer_custom_js":"","footnotes":""},"class_list":["post-13370","page","type-page","status-publish","hentry"],"acf":[],"yoast_head":"<!-- This site is optimized with the Yoast SEO plugin v27.4 - https:\/\/yoast.com\/product\/yoast-seo-wordpress\/ -->\n<title>Informaci\u00f3n Fiscal - ABS Kids<\/title>\n<meta name=\"description\" content=\"ABS Kids complies with Federal civil rights laws and does not discriminate based on race, color, national origin, age, disability, or sex.\" \/>\n<meta name=\"robots\" content=\"index, follow, max-snippet:-1, max-image-preview:large, max-video-preview:-1\" \/>\n<link rel=\"canonical\" href=\"https:\/\/www.abskids.com\/es\/informacion-fiscal\/\" \/>\n<meta property=\"og:locale\" content=\"es_ES\" \/>\n<meta property=\"og:type\" content=\"article\" \/>\n<meta property=\"og:title\" content=\"Informaci\u00f3n Fiscal - ABS Kids\" \/>\n<meta property=\"og:description\" content=\"ABS Kids complies with Federal civil rights laws and does not discriminate based on race, color, national origin, age, disability, or sex.\" \/>\n<meta property=\"og:url\" content=\"https:\/\/www.abskids.com\/es\/informacion-fiscal\/\" \/>\n<meta property=\"og:site_name\" content=\"ABS Kids\" \/>\n<meta property=\"article:publisher\" content=\"https:\/\/www.facebook.com\/alternative.behavior.strategies\/\" \/>\n<meta property=\"article:modified_time\" content=\"2026-02-26T19:51:59+00:00\" \/>\n<meta property=\"og:image\" content=\"https:\/\/www.abskids.com\/wp-content\/uploads\/abs-og.jpg\" \/>\n\t<meta property=\"og:image:width\" content=\"1200\" \/>\n\t<meta property=\"og:image:height\" content=\"630\" \/>\n\t<meta property=\"og:image:type\" content=\"image\/jpeg\" \/>\n<meta name=\"twitter:card\" content=\"summary_large_image\" \/>\n<meta name=\"twitter:label1\" content=\"Tiempo de lectura\" \/>\n\t<meta name=\"twitter:data1\" content=\"1 minuto\" \/>\n<script type=\"application\/ld+json\" class=\"yoast-schema-graph\">{\"@context\":\"https:\\\/\\\/schema.org\",\"@graph\":[{\"@type\":\"WebPage\",\"@id\":\"https:\\\/\\\/www.abskids.com\\\/es\\\/informacion-fiscal\\\/\",\"url\":\"https:\\\/\\\/www.abskids.com\\\/es\\\/informacion-fiscal\\\/\",\"name\":\"Informaci\u00f3n Fiscal - ABS Kids\",\"isPartOf\":{\"@id\":\"https:\\\/\\\/www.abskids.com\\\/es\\\/#website\"},\"datePublished\":\"2026-02-26T17:35:27+00:00\",\"dateModified\":\"2026-02-26T19:51:59+00:00\",\"description\":\"ABS Kids complies with Federal civil rights laws and does not discriminate based on race, color, national origin, age, disability, or sex.\",\"breadcrumb\":{\"@id\":\"https:\\\/\\\/www.abskids.com\\\/es\\\/informacion-fiscal\\\/#breadcrumb\"},\"inLanguage\":\"es\",\"potentialAction\":[{\"@type\":\"ReadAction\",\"target\":[\"https:\\\/\\\/www.abskids.com\\\/es\\\/informacion-fiscal\\\/\"]}]},{\"@type\":\"BreadcrumbList\",\"@id\":\"https:\\\/\\\/www.abskids.com\\\/es\\\/informacion-fiscal\\\/#breadcrumb\",\"itemListElement\":[{\"@type\":\"ListItem\",\"position\":1,\"name\":\"Home\",\"item\":\"https:\\\/\\\/www.abskids.com\\\/es\\\/\"},{\"@type\":\"ListItem\",\"position\":2,\"name\":\"Informaci\u00f3n Fiscal\"}]},{\"@type\":\"WebSite\",\"@id\":\"https:\\\/\\\/www.abskids.com\\\/es\\\/#website\",\"url\":\"https:\\\/\\\/www.abskids.com\\\/es\\\/\",\"name\":\"ABS Kids\",\"description\":\"Building Little Moments Into Big Breakthroughs\",\"publisher\":{\"@id\":\"https:\\\/\\\/www.abskids.com\\\/es\\\/#organization\"},\"potentialAction\":[{\"@type\":\"SearchAction\",\"target\":{\"@type\":\"EntryPoint\",\"urlTemplate\":\"https:\\\/\\\/www.abskids.com\\\/es\\\/?s={search_term_string}\"},\"query-input\":{\"@type\":\"PropertyValueSpecification\",\"valueRequired\":true,\"valueName\":\"search_term_string\"}}],\"inLanguage\":\"es\"},{\"@type\":\"Organization\",\"@id\":\"https:\\\/\\\/www.abskids.com\\\/es\\\/#organization\",\"name\":\"ABS Kids\",\"url\":\"https:\\\/\\\/www.abskids.com\\\/es\\\/\",\"logo\":{\"@type\":\"ImageObject\",\"inLanguage\":\"es\",\"@id\":\"https:\\\/\\\/www.abskids.com\\\/es\\\/#\\\/schema\\\/logo\\\/image\\\/\",\"url\":\"https:\\\/\\\/www.abskids.com\\\/wp-content\\\/uploads\\\/ABS-Kids_VF_Screen.svg\",\"contentUrl\":\"https:\\\/\\\/www.abskids.com\\\/wp-content\\\/uploads\\\/ABS-Kids_VF_Screen.svg\",\"width\":\"1024\",\"height\":\"1024\",\"caption\":\"ABS Kids\"},\"image\":{\"@id\":\"https:\\\/\\\/www.abskids.com\\\/es\\\/#\\\/schema\\\/logo\\\/image\\\/\"},\"sameAs\":[\"https:\\\/\\\/www.facebook.com\\\/alternative.behavior.strategies\\\/\",\"https:\\\/\\\/www.instagram.com\\\/absoffice\\\/\",\"https:\\\/\\\/www.linkedin.com\\\/company\\\/abskids\\\/\",\"https:\\\/\\\/www.youtube.com\\\/channel\\\/UCQNaEBVMHldv61rde9uJ2xA\"]}]}<\/script>\n<!-- \/ Yoast SEO plugin. -->","yoast_head_json":{"title":"Informaci\u00f3n Fiscal - ABS Kids","description":"ABS Kids complies with Federal civil rights laws and does not discriminate based on race, color, national origin, age, disability, or sex.","robots":{"index":"index","follow":"follow","max-snippet":"max-snippet:-1","max-image-preview":"max-image-preview:large","max-video-preview":"max-video-preview:-1"},"canonical":"https:\/\/www.abskids.com\/es\/informacion-fiscal\/","og_locale":"es_ES","og_type":"article","og_title":"Informaci\u00f3n Fiscal - ABS Kids","og_description":"ABS Kids complies with Federal civil rights laws and does not discriminate based on race, color, national origin, age, disability, or sex.","og_url":"https:\/\/www.abskids.com\/es\/informacion-fiscal\/","og_site_name":"ABS Kids","article_publisher":"https:\/\/www.facebook.com\/alternative.behavior.strategies\/","article_modified_time":"2026-02-26T19:51:59+00:00","og_image":[{"width":1200,"height":630,"url":"https:\/\/www.abskids.com\/wp-content\/uploads\/abs-og.jpg","type":"image\/jpeg"}],"twitter_card":"summary_large_image","twitter_misc":{"Tiempo de lectura":"1 minuto"},"schema":{"@context":"https:\/\/schema.org","@graph":[{"@type":"WebPage","@id":"https:\/\/www.abskids.com\/es\/informacion-fiscal\/","url":"https:\/\/www.abskids.com\/es\/informacion-fiscal\/","name":"Informaci\u00f3n Fiscal - ABS Kids","isPartOf":{"@id":"https:\/\/www.abskids.com\/es\/#website"},"datePublished":"2026-02-26T17:35:27+00:00","dateModified":"2026-02-26T19:51:59+00:00","description":"ABS Kids complies with Federal civil rights laws and does not discriminate based on race, color, national origin, age, disability, or sex.","breadcrumb":{"@id":"https:\/\/www.abskids.com\/es\/informacion-fiscal\/#breadcrumb"},"inLanguage":"es","potentialAction":[{"@type":"ReadAction","target":["https:\/\/www.abskids.com\/es\/informacion-fiscal\/"]}]},{"@type":"BreadcrumbList","@id":"https:\/\/www.abskids.com\/es\/informacion-fiscal\/#breadcrumb","itemListElement":[{"@type":"ListItem","position":1,"name":"Home","item":"https:\/\/www.abskids.com\/es\/"},{"@type":"ListItem","position":2,"name":"Informaci\u00f3n Fiscal"}]},{"@type":"WebSite","@id":"https:\/\/www.abskids.com\/es\/#website","url":"https:\/\/www.abskids.com\/es\/","name":"ABS Kids","description":"Building Little Moments Into Big Breakthroughs","publisher":{"@id":"https:\/\/www.abskids.com\/es\/#organization"},"potentialAction":[{"@type":"SearchAction","target":{"@type":"EntryPoint","urlTemplate":"https:\/\/www.abskids.com\/es\/?s={search_term_string}"},"query-input":{"@type":"PropertyValueSpecification","valueRequired":true,"valueName":"search_term_string"}}],"inLanguage":"es"},{"@type":"Organization","@id":"https:\/\/www.abskids.com\/es\/#organization","name":"ABS Kids","url":"https:\/\/www.abskids.com\/es\/","logo":{"@type":"ImageObject","inLanguage":"es","@id":"https:\/\/www.abskids.com\/es\/#\/schema\/logo\/image\/","url":"https:\/\/www.abskids.com\/wp-content\/uploads\/ABS-Kids_VF_Screen.svg","contentUrl":"https:\/\/www.abskids.com\/wp-content\/uploads\/ABS-Kids_VF_Screen.svg","width":"1024","height":"1024","caption":"ABS Kids"},"image":{"@id":"https:\/\/www.abskids.com\/es\/#\/schema\/logo\/image\/"},"sameAs":["https:\/\/www.facebook.com\/alternative.behavior.strategies\/","https:\/\/www.instagram.com\/absoffice\/","https:\/\/www.linkedin.com\/company\/abskids\/","https:\/\/www.youtube.com\/channel\/UCQNaEBVMHldv61rde9uJ2xA"]}]}},"taxonomy_info":[],"featured_image_src_large":false,"author_info":{"display_name":"marc.wagner","author_link":"https:\/\/www.abskids.com\/es\/blog\/author\/marc-wagner\/"},"comment_info":"","_links":{"self":[{"href":"https:\/\/www.abskids.com\/es\/wp-json\/wp\/v2\/pages\/13370","targetHints":{"allow":["GET"]}}],"collection":[{"href":"https:\/\/www.abskids.com\/es\/wp-json\/wp\/v2\/pages"}],"about":[{"href":"https:\/\/www.abskids.com\/es\/wp-json\/wp\/v2\/types\/page"}],"author":[{"embeddable":true,"href":"https:\/\/www.abskids.com\/es\/wp-json\/wp\/v2\/users\/10"}],"replies":[{"embeddable":true,"href":"https:\/\/www.abskids.com\/es\/wp-json\/wp\/v2\/comments?post=13370"}],"version-history":[{"count":0,"href":"https:\/\/www.abskids.com\/es\/wp-json\/wp\/v2\/pages\/13370\/revisions"}],"wp:attachment":[{"href":"https:\/\/www.abskids.com\/es\/wp-json\/wp\/v2\/media?parent=13370"}],"curies":[{"name":"wp","href":"https:\/\/api.w.org\/{rel}","templated":true}]}}